{"id":6005,"date":"2025-05-29T12:57:23","date_gmt":"2025-05-29T12:57:23","guid":{"rendered":"https:\/\/imatex-plastics.be\/?page_id=6005"},"modified":"2025-05-29T12:57:27","modified_gmt":"2025-05-29T12:57:27","slug":"polycarbonate-eigenschappen-toepassingen-en-voordelenpolycarbonaat-is-een-sterk-en-transparant-plastic-dat-vaak-wordt-gebruikt-in-toepassingen-waar-duurzaamheid-en-helderheid-belangrijk-zijn-in-dez","status":"publish","type":"page","link":"https:\/\/imatex-plastics.be\/nl\/vacuumvormen\/polycarbonate-eigenschappen-toepassingen-en-voordelenpolycarbonaat-is-een-sterk-en-transparant-plastic-dat-vaak-wordt-gebruikt-in-toepassingen-waar-duurzaamheid-en-helderheid-belangrijk-zijn-in-dez\/","title":{"rendered":"Polycarbonate: eigenschappen, toepassingen en voordelenPolycarbonaat is een sterk en transparant plastic dat vaak wordt gebruikt in toepassingen waar duurzaamheid en helderheid belangrijk zijn. In deze gids behandelen we de eigenschappen, toepassingen en voordelen van polycarbonaat. Tijdens het lezen van dit artikel nog vragen? Neem gerust contact op met de specialisten van Imatex."},"content":{"rendered":"<p>[et_pb_section fb_built=&#8221;1&#8243; _builder_version=&#8221;4.16&#8243; global_colors_info=&#8221;{}&#8221; admin_label=&#8221;Sectie&#8221;][et_pb_row _builder_version=&#8221;4.16&#8243; background_size=&#8221;initial&#8221; background_position=&#8221;top_left&#8221; background_repeat=&#8221;repeat&#8221; global_colors_info=&#8221;{}&#8221;][et_pb_column type=&#8221;4_4&#8243; _builder_version=&#8221;4.16&#8243; custom_padding=&#8221;|||&#8221; global_colors_info=&#8221;{}&#8221; custom_padding__hover=&#8221;|||&#8221;][et_pb_text _builder_version=&#8221;4.16&#8243; background_size=&#8221;initial&#8221; background_position=&#8221;top_left&#8221; background_repeat=&#8221;repeat&#8221; global_colors_info=&#8221;{}&#8221; admin_label=&#8221;Tekst&#8221;]<br \/>\n[\/et_pb_text][\/et_pb_column][\/et_pb_row][\/et_pb_section]<\/p>\n","protected":false},"excerpt":{"rendered":"","protected":false},"author":2,"featured_media":5450,"parent":656,"menu_order":0,"comment_status":"closed","ping_status":"closed","template":"","meta":{"_et_pb_use_builder":"on","_et_pb_old_content":"<!-- wp:divi\/placeholder \/-->","_et_gb_content_width":"","footnotes":""},"class_list":["post-6005","page","type-page","status-publish","has-post-thumbnail","hentry"],"yoast_head":"<!-- This site is optimized with the Yoast SEO plugin v27.1.1 - https:\/\/yoast.com\/product\/yoast-seo-wordpress\/ -->\n<title>Dit is vacu\u00fcmvorming: kostenbesparend en kwalitatief voor jouw project<\/title>\n<meta name=\"description\" content=\"Ontdek hoe effici\u00ebnte vacu\u00fcmvorming kostenbesparend kan werken en tegelijkertijd de kwaliteit verhoogt. Lees het artikel voor praktische inzichten!\" \/>\n<meta name=\"robots\" content=\"index, follow, max-snippet:-1, max-image-preview:large, max-video-preview:-1\" \/>\n<link rel=\"canonical\" href=\"https:\/\/imatex-plastics.be\/nl\/vacuumvormen\/polycarbonate-eigenschappen-toepassingen-en-voordelenpolycarbonaat-is-een-sterk-en-transparant-plastic-dat-vaak-wordt-gebruikt-in-toepassingen-waar-duurzaamheid-en-helderheid-belangrijk-zijn-in-dez\/\" \/>\n<meta property=\"og:locale\" content=\"nl_NL\" \/>\n<meta property=\"og:type\" content=\"article\" \/>\n<meta property=\"og:title\" content=\"Dit is vacu\u00fcmvorming: kostenbesparend en kwalitatief voor jouw project\" \/>\n<meta property=\"og:description\" content=\"Ontdek hoe effici\u00ebnte vacu\u00fcmvorming kostenbesparend kan werken en tegelijkertijd de kwaliteit verhoogt. Lees het artikel voor praktische inzichten!\" \/>\n<meta property=\"og:url\" content=\"https:\/\/imatex-plastics.be\/nl\/vacuumvormen\/polycarbonate-eigenschappen-toepassingen-en-voordelenpolycarbonaat-is-een-sterk-en-transparant-plastic-dat-vaak-wordt-gebruikt-in-toepassingen-waar-duurzaamheid-en-helderheid-belangrijk-zijn-in-dez\/\" \/>\n<meta property=\"og:site_name\" content=\"Imatex Plastics\" \/>\n<meta property=\"article:publisher\" content=\"https:\/\/www.facebook.com\/imatexnv\/\" \/>\n<meta property=\"article:modified_time\" content=\"2025-05-29T12:57:27+00:00\" \/>\n<meta property=\"og:image\" content=\"https:\/\/imatex-plastics.be\/wp-content\/uploads\/2022\/04\/Vacuum3_m.webp\" \/>\n\t<meta property=\"og:image:width\" content=\"640\" \/>\n\t<meta property=\"og:image:height\" content=\"427\" \/>\n\t<meta property=\"og:image:type\" content=\"image\/webp\" \/>\n<meta name=\"twitter:card\" content=\"summary_large_image\" \/>\n<meta name=\"twitter:label1\" content=\"Geschatte leestijd\" \/>\n\t<meta name=\"twitter:data1\" content=\"1 minuut\" \/>\n<script type=\"application\/ld+json\" class=\"yoast-schema-graph\">{\"@context\":\"https:\/\/schema.org\",\"@graph\":[{\"@type\":\"WebPage\",\"@id\":\"https:\/\/imatex-plastics.be\/nl\/vacuumvormen\/polycarbonate-eigenschappen-toepassingen-en-voordelenpolycarbonaat-is-een-sterk-en-transparant-plastic-dat-vaak-wordt-gebruikt-in-toepassingen-waar-duurzaamheid-en-helderheid-belangrijk-zijn-in-dez\/\",\"url\":\"https:\/\/imatex-plastics.be\/nl\/vacuumvormen\/polycarbonate-eigenschappen-toepassingen-en-voordelenpolycarbonaat-is-een-sterk-en-transparant-plastic-dat-vaak-wordt-gebruikt-in-toepassingen-waar-duurzaamheid-en-helderheid-belangrijk-zijn-in-dez\/\",\"name\":\"Dit is vacu\u00fcmvorming: kostenbesparend en kwalitatief voor jouw project\",\"isPartOf\":{\"@id\":\"https:\/\/imatex-plastics.be\/nl\/#website\"},\"primaryImageOfPage\":{\"@id\":\"https:\/\/imatex-plastics.be\/nl\/vacuumvormen\/polycarbonate-eigenschappen-toepassingen-en-voordelenpolycarbonaat-is-een-sterk-en-transparant-plastic-dat-vaak-wordt-gebruikt-in-toepassingen-waar-duurzaamheid-en-helderheid-belangrijk-zijn-in-dez\/#primaryimage\"},\"image\":{\"@id\":\"https:\/\/imatex-plastics.be\/nl\/vacuumvormen\/polycarbonate-eigenschappen-toepassingen-en-voordelenpolycarbonaat-is-een-sterk-en-transparant-plastic-dat-vaak-wordt-gebruikt-in-toepassingen-waar-duurzaamheid-en-helderheid-belangrijk-zijn-in-dez\/#primaryimage\"},\"thumbnailUrl\":\"https:\/\/i0.wp.com\/imatex-plastics.be\/wp-content\/uploads\/2022\/04\/Vacuum3_m.webp?fit=640%2C427&ssl=1\",\"datePublished\":\"2025-05-29T12:57:23+00:00\",\"dateModified\":\"2025-05-29T12:57:27+00:00\",\"description\":\"Ontdek hoe effici\u00ebnte vacu\u00fcmvorming kostenbesparend kan werken en tegelijkertijd de kwaliteit verhoogt. Lees het artikel voor praktische inzichten!\",\"breadcrumb\":{\"@id\":\"https:\/\/imatex-plastics.be\/nl\/vacuumvormen\/polycarbonate-eigenschappen-toepassingen-en-voordelenpolycarbonaat-is-een-sterk-en-transparant-plastic-dat-vaak-wordt-gebruikt-in-toepassingen-waar-duurzaamheid-en-helderheid-belangrijk-zijn-in-dez\/#breadcrumb\"},\"inLanguage\":\"nl-NL\",\"potentialAction\":[{\"@type\":\"ReadAction\",\"target\":[\"https:\/\/imatex-plastics.be\/nl\/vacuumvormen\/polycarbonate-eigenschappen-toepassingen-en-voordelenpolycarbonaat-is-een-sterk-en-transparant-plastic-dat-vaak-wordt-gebruikt-in-toepassingen-waar-duurzaamheid-en-helderheid-belangrijk-zijn-in-dez\/\"]}]},{\"@type\":\"ImageObject\",\"inLanguage\":\"nl-NL\",\"@id\":\"https:\/\/imatex-plastics.be\/nl\/vacuumvormen\/polycarbonate-eigenschappen-toepassingen-en-voordelenpolycarbonaat-is-een-sterk-en-transparant-plastic-dat-vaak-wordt-gebruikt-in-toepassingen-waar-duurzaamheid-en-helderheid-belangrijk-zijn-in-dez\/#primaryimage\",\"url\":\"https:\/\/i0.wp.com\/imatex-plastics.be\/wp-content\/uploads\/2022\/04\/Vacuum3_m.webp?fit=640%2C427&ssl=1\",\"contentUrl\":\"https:\/\/i0.wp.com\/imatex-plastics.be\/wp-content\/uploads\/2022\/04\/Vacuum3_m.webp?fit=640%2C427&ssl=1\",\"width\":640,\"height\":427,\"caption\":\"Vacuumvormen\"},{\"@type\":\"BreadcrumbList\",\"@id\":\"https:\/\/imatex-plastics.be\/nl\/vacuumvormen\/polycarbonate-eigenschappen-toepassingen-en-voordelenpolycarbonaat-is-een-sterk-en-transparant-plastic-dat-vaak-wordt-gebruikt-in-toepassingen-waar-duurzaamheid-en-helderheid-belangrijk-zijn-in-dez\/#breadcrumb\",\"itemListElement\":[{\"@type\":\"ListItem\",\"position\":1,\"name\":\"Home\",\"item\":\"https:\/\/imatex-plastics.be\/nl\/\"},{\"@type\":\"ListItem\",\"position\":2,\"name\":\"Vacu\u00fcmvormen\",\"item\":\"https:\/\/imatex-plastics.be\/nl\/vacuumvormen\/\"},{\"@type\":\"ListItem\",\"position\":3,\"name\":\"Polycarbonate: eigenschappen, toepassingen en voordelenPolycarbonaat is een sterk en transparant plastic dat vaak wordt gebruikt in toepassingen waar duurzaamheid en helderheid belangrijk zijn. In deze gids behandelen we de eigenschappen, toepassingen en voordelen van polycarbonaat. Tijdens het lezen van dit artikel nog vragen? Neem gerust contact op met de specialisten van Imatex.\"}]},{\"@type\":\"WebSite\",\"@id\":\"https:\/\/imatex-plastics.be\/nl\/#website\",\"url\":\"https:\/\/imatex-plastics.be\/nl\/\",\"name\":\"Imatex Plastics\",\"description\":\"Imatex, the partner for all your projects involving plastic. \",\"publisher\":{\"@id\":\"https:\/\/imatex-plastics.be\/nl\/#organization\"},\"potentialAction\":[{\"@type\":\"SearchAction\",\"target\":{\"@type\":\"EntryPoint\",\"urlTemplate\":\"https:\/\/imatex-plastics.be\/nl\/?s={search_term_string}\"},\"query-input\":{\"@type\":\"PropertyValueSpecification\",\"valueRequired\":true,\"valueName\":\"search_term_string\"}}],\"inLanguage\":\"nl-NL\"},{\"@type\":\"Organization\",\"@id\":\"https:\/\/imatex-plastics.be\/nl\/#organization\",\"name\":\"Imatex nv\",\"url\":\"https:\/\/imatex-plastics.be\/nl\/\",\"logo\":{\"@type\":\"ImageObject\",\"inLanguage\":\"nl-NL\",\"@id\":\"https:\/\/imatex-plastics.be\/nl\/#\/schema\/logo\/image\/\",\"url\":\"https:\/\/imatex-plastics.be\/wp-content\/uploads\/2019\/10\/imatex-plastics-logo-l.png\",\"contentUrl\":\"https:\/\/imatex-plastics.be\/wp-content\/uploads\/2019\/10\/imatex-plastics-logo-l.png\",\"width\":400,\"height\":90,\"caption\":\"Imatex nv\"},\"image\":{\"@id\":\"https:\/\/imatex-plastics.be\/nl\/#\/schema\/logo\/image\/\"},\"sameAs\":[\"https:\/\/www.facebook.com\/imatexnv\/\",\"https:\/\/www.linkedin.com\/company\/imatex-nv\/\"]}]}<\/script>\n<!-- \/ Yoast SEO plugin. -->","yoast_head_json":{"title":"Dit is vacu\u00fcmvorming: kostenbesparend en kwalitatief voor jouw project","description":"Ontdek hoe effici\u00ebnte vacu\u00fcmvorming kostenbesparend kan werken en tegelijkertijd de kwaliteit verhoogt. Lees het artikel voor praktische inzichten!","robots":{"index":"index","follow":"follow","max-snippet":"max-snippet:-1","max-image-preview":"max-image-preview:large","max-video-preview":"max-video-preview:-1"},"canonical":"https:\/\/imatex-plastics.be\/nl\/vacuumvormen\/polycarbonate-eigenschappen-toepassingen-en-voordelenpolycarbonaat-is-een-sterk-en-transparant-plastic-dat-vaak-wordt-gebruikt-in-toepassingen-waar-duurzaamheid-en-helderheid-belangrijk-zijn-in-dez\/","og_locale":"nl_NL","og_type":"article","og_title":"Dit is vacu\u00fcmvorming: kostenbesparend en kwalitatief voor jouw project","og_description":"Ontdek hoe effici\u00ebnte vacu\u00fcmvorming kostenbesparend kan werken en tegelijkertijd de kwaliteit verhoogt. Lees het artikel voor praktische inzichten!","og_url":"https:\/\/imatex-plastics.be\/nl\/vacuumvormen\/polycarbonate-eigenschappen-toepassingen-en-voordelenpolycarbonaat-is-een-sterk-en-transparant-plastic-dat-vaak-wordt-gebruikt-in-toepassingen-waar-duurzaamheid-en-helderheid-belangrijk-zijn-in-dez\/","og_site_name":"Imatex Plastics","article_publisher":"https:\/\/www.facebook.com\/imatexnv\/","article_modified_time":"2025-05-29T12:57:27+00:00","og_image":[{"width":640,"height":427,"url":"https:\/\/imatex-plastics.be\/wp-content\/uploads\/2022\/04\/Vacuum3_m.webp","type":"image\/webp"}],"twitter_card":"summary_large_image","twitter_misc":{"Geschatte leestijd":"1 minuut"},"schema":{"@context":"https:\/\/schema.org","@graph":[{"@type":"WebPage","@id":"https:\/\/imatex-plastics.be\/nl\/vacuumvormen\/polycarbonate-eigenschappen-toepassingen-en-voordelenpolycarbonaat-is-een-sterk-en-transparant-plastic-dat-vaak-wordt-gebruikt-in-toepassingen-waar-duurzaamheid-en-helderheid-belangrijk-zijn-in-dez\/","url":"https:\/\/imatex-plastics.be\/nl\/vacuumvormen\/polycarbonate-eigenschappen-toepassingen-en-voordelenpolycarbonaat-is-een-sterk-en-transparant-plastic-dat-vaak-wordt-gebruikt-in-toepassingen-waar-duurzaamheid-en-helderheid-belangrijk-zijn-in-dez\/","name":"Dit is vacu\u00fcmvorming: kostenbesparend en kwalitatief voor jouw project","isPartOf":{"@id":"https:\/\/imatex-plastics.be\/nl\/#website"},"primaryImageOfPage":{"@id":"https:\/\/imatex-plastics.be\/nl\/vacuumvormen\/polycarbonate-eigenschappen-toepassingen-en-voordelenpolycarbonaat-is-een-sterk-en-transparant-plastic-dat-vaak-wordt-gebruikt-in-toepassingen-waar-duurzaamheid-en-helderheid-belangrijk-zijn-in-dez\/#primaryimage"},"image":{"@id":"https:\/\/imatex-plastics.be\/nl\/vacuumvormen\/polycarbonate-eigenschappen-toepassingen-en-voordelenpolycarbonaat-is-een-sterk-en-transparant-plastic-dat-vaak-wordt-gebruikt-in-toepassingen-waar-duurzaamheid-en-helderheid-belangrijk-zijn-in-dez\/#primaryimage"},"thumbnailUrl":"https:\/\/i0.wp.com\/imatex-plastics.be\/wp-content\/uploads\/2022\/04\/Vacuum3_m.webp?fit=640%2C427&ssl=1","datePublished":"2025-05-29T12:57:23+00:00","dateModified":"2025-05-29T12:57:27+00:00","description":"Ontdek hoe effici\u00ebnte vacu\u00fcmvorming kostenbesparend kan werken en tegelijkertijd de kwaliteit verhoogt. Lees het artikel voor praktische inzichten!","breadcrumb":{"@id":"https:\/\/imatex-plastics.be\/nl\/vacuumvormen\/polycarbonate-eigenschappen-toepassingen-en-voordelenpolycarbonaat-is-een-sterk-en-transparant-plastic-dat-vaak-wordt-gebruikt-in-toepassingen-waar-duurzaamheid-en-helderheid-belangrijk-zijn-in-dez\/#breadcrumb"},"inLanguage":"nl-NL","potentialAction":[{"@type":"ReadAction","target":["https:\/\/imatex-plastics.be\/nl\/vacuumvormen\/polycarbonate-eigenschappen-toepassingen-en-voordelenpolycarbonaat-is-een-sterk-en-transparant-plastic-dat-vaak-wordt-gebruikt-in-toepassingen-waar-duurzaamheid-en-helderheid-belangrijk-zijn-in-dez\/"]}]},{"@type":"ImageObject","inLanguage":"nl-NL","@id":"https:\/\/imatex-plastics.be\/nl\/vacuumvormen\/polycarbonate-eigenschappen-toepassingen-en-voordelenpolycarbonaat-is-een-sterk-en-transparant-plastic-dat-vaak-wordt-gebruikt-in-toepassingen-waar-duurzaamheid-en-helderheid-belangrijk-zijn-in-dez\/#primaryimage","url":"https:\/\/i0.wp.com\/imatex-plastics.be\/wp-content\/uploads\/2022\/04\/Vacuum3_m.webp?fit=640%2C427&ssl=1","contentUrl":"https:\/\/i0.wp.com\/imatex-plastics.be\/wp-content\/uploads\/2022\/04\/Vacuum3_m.webp?fit=640%2C427&ssl=1","width":640,"height":427,"caption":"Vacuumvormen"},{"@type":"BreadcrumbList","@id":"https:\/\/imatex-plastics.be\/nl\/vacuumvormen\/polycarbonate-eigenschappen-toepassingen-en-voordelenpolycarbonaat-is-een-sterk-en-transparant-plastic-dat-vaak-wordt-gebruikt-in-toepassingen-waar-duurzaamheid-en-helderheid-belangrijk-zijn-in-dez\/#breadcrumb","itemListElement":[{"@type":"ListItem","position":1,"name":"Home","item":"https:\/\/imatex-plastics.be\/nl\/"},{"@type":"ListItem","position":2,"name":"Vacu\u00fcmvormen","item":"https:\/\/imatex-plastics.be\/nl\/vacuumvormen\/"},{"@type":"ListItem","position":3,"name":"Polycarbonate: eigenschappen, toepassingen en voordelenPolycarbonaat is een sterk en transparant plastic dat vaak wordt gebruikt in toepassingen waar duurzaamheid en helderheid belangrijk zijn. In deze gids behandelen we de eigenschappen, toepassingen en voordelen van polycarbonaat. Tijdens het lezen van dit artikel nog vragen? Neem gerust contact op met de specialisten van Imatex."}]},{"@type":"WebSite","@id":"https:\/\/imatex-plastics.be\/nl\/#website","url":"https:\/\/imatex-plastics.be\/nl\/","name":"Imatex Plastics","description":"Imatex, the partner for all your projects involving plastic. ","publisher":{"@id":"https:\/\/imatex-plastics.be\/nl\/#organization"},"potentialAction":[{"@type":"SearchAction","target":{"@type":"EntryPoint","urlTemplate":"https:\/\/imatex-plastics.be\/nl\/?s={search_term_string}"},"query-input":{"@type":"PropertyValueSpecification","valueRequired":true,"valueName":"search_term_string"}}],"inLanguage":"nl-NL"},{"@type":"Organization","@id":"https:\/\/imatex-plastics.be\/nl\/#organization","name":"Imatex nv","url":"https:\/\/imatex-plastics.be\/nl\/","logo":{"@type":"ImageObject","inLanguage":"nl-NL","@id":"https:\/\/imatex-plastics.be\/nl\/#\/schema\/logo\/image\/","url":"https:\/\/imatex-plastics.be\/wp-content\/uploads\/2019\/10\/imatex-plastics-logo-l.png","contentUrl":"https:\/\/imatex-plastics.be\/wp-content\/uploads\/2019\/10\/imatex-plastics-logo-l.png","width":400,"height":90,"caption":"Imatex nv"},"image":{"@id":"https:\/\/imatex-plastics.be\/nl\/#\/schema\/logo\/image\/"},"sameAs":["https:\/\/www.facebook.com\/imatexnv\/","https:\/\/www.linkedin.com\/company\/imatex-nv\/"]}]}},"jetpack_sharing_enabled":true,"_links":{"self":[{"href":"https:\/\/imatex-plastics.be\/nl\/wp-json\/wp\/v2\/pages\/6005","targetHints":{"allow":["GET"]}}],"collection":[{"href":"https:\/\/imatex-plastics.be\/nl\/wp-json\/wp\/v2\/pages"}],"about":[{"href":"https:\/\/imatex-plastics.be\/nl\/wp-json\/wp\/v2\/types\/page"}],"author":[{"embeddable":true,"href":"https:\/\/imatex-plastics.be\/nl\/wp-json\/wp\/v2\/users\/2"}],"replies":[{"embeddable":true,"href":"https:\/\/imatex-plastics.be\/nl\/wp-json\/wp\/v2\/comments?post=6005"}],"version-history":[{"count":5,"href":"https:\/\/imatex-plastics.be\/nl\/wp-json\/wp\/v2\/pages\/6005\/revisions"}],"predecessor-version":[{"id":6011,"href":"https:\/\/imatex-plastics.be\/nl\/wp-json\/wp\/v2\/pages\/6005\/revisions\/6011"}],"up":[{"embeddable":true,"href":"https:\/\/imatex-plastics.be\/nl\/wp-json\/wp\/v2\/pages\/656"}],"wp:featuredmedia":[{"embeddable":true,"href":"https:\/\/imatex-plastics.be\/nl\/wp-json\/wp\/v2\/media\/5450"}],"wp:attachment":[{"href":"https:\/\/imatex-plastics.be\/nl\/wp-json\/wp\/v2\/media?parent=6005"}],"curies":[{"name":"wp","href":"https:\/\/api.w.org\/{rel}","templated":true}]}}