{"id":2921,"date":"2019-12-03T12:32:34","date_gmt":"2019-12-03T12:32:34","guid":{"rendered":"https:\/\/imatex-plastics.be\/privacybeleid\/"},"modified":"2019-12-03T12:44:13","modified_gmt":"2019-12-03T12:44:13","slug":"politique-de-confidentialite","status":"publish","type":"page","link":"https:\/\/imatex-plastics.be\/fr\/politique-de-confidentialite\/","title":{"rendered":"Politique de confidentialit\u00e9"},"content":{"rendered":"<p>[et_pb_section fb_built=\u00a0\u00bb1&Prime; _builder_version=\u00a0\u00bb3.22&Prime;][et_pb_row _builder_version=\u00a0\u00bb3.25&Prime; background_size=\u00a0\u00bbinitial\u00a0\u00bb background_position=\u00a0\u00bbtop_left\u00a0\u00bb background_repeat=\u00a0\u00bbrepeat\u00a0\u00bb][et_pb_column type=\u00a0\u00bb4_4&Prime; _builder_version=\u00a0\u00bb3.25&Prime; custom_padding=\u00a0\u00bb|||\u00a0\u00bb custom_padding__hover=\u00a0\u00bb|||\u00a0\u00bb][et_pb_text _builder_version=\u00a0\u00bb4.0.7&Prime; background_size=\u00a0\u00bbinitial\u00a0\u00bb background_position=\u00a0\u00bbtop_left\u00a0\u00bb background_repeat=\u00a0\u00bbrepeat\u00a0\u00bb hover_enabled=\u00a0\u00bb0&Prime;]<\/p>\n<h1>POLITIQUE DE CONFIDENTIALIT\u00c9<\/h1>\n<p>Imatex traite les donn\u00e9es personnelles conform\u00e9ment \u00e0 la pr\u00e9sente d\u00e9claration de confidentialit\u00e9.<br \/>Pour de plus amples informations, questions ou remarques concernant notre politique de<br \/>confidentialit\u00e9 vous pouvez nous contacter sur <a href=\"mailto:info@imatex.be\">info@imatex.be<\/a>.<\/p>\n<p><strong>But du traitement des donn\u00e9es<\/strong><br \/>Imatex collecte et traite les donn\u00e9es personnelles des clients et fournisseurs (potentiels) pour la<br \/>gestion de client\u00e8le et fournisseurs (entre autres: l\u2019administration des clients, l\u2019organisation de<br \/>visites, composition d&rsquo;offres, suivi de commandes et livraisons, facturation, suivi de la solvabilit\u00e9).<\/p>\n<p><strong>Justification(s) du traitement<\/strong><br \/>Les donn\u00e9es personnelles sont trait\u00e9es sur la base de l\u2019article 6.1 du R\u00e8glement g\u00e9n\u00e9ral sur la<br \/>protection des donn\u00e9es.<br \/>(a) autorisation,<br \/>(b) n\u00e9cessaire pour l\u2019ex\u00e9cution d\u2019un contrat<br \/>(c) n\u00e9cessaire pour satisfaire une obligation l\u00e9gale<br \/>(f) n\u00e9cessaire pour la d\u00e9fense de notre int\u00e9r\u00eat l\u00e9gitime d\u2019entrepreneuriat<br \/>Pour autant que le traitement des donn\u00e9es personnelles s\u2019effectue sur la base de l\u2019article 6.1. a)<br \/>(autorisation), le client dispose du droit d\u2019annuler son autorisation.<\/p>\n<p><strong>Communication \u00e0 des tiers<\/strong><br \/>Si cela est n\u00e9cessaire \u00e0 la concr\u00e9tisation des objectifs pr\u00e9cit\u00e9s, les donn\u00e9es personnelles du client<br \/>seront partag\u00e9es avec d\u2019autres soci\u00e9t\u00e9s (du m\u00eame groupe) au sein de l\u2019espace \u00e9conomique<br \/>europ\u00e9en \u00e9tant directement ou indirectement li\u00e9es \u00e0 Imatex ou avec un autre partenaire de Imatex ;<br \/>Imatex garantit que ces destinataires prendront les mesures techniques et organisationnelles<br \/>n\u00e9cessaires \u00e0 la protection des donn\u00e9es personnelles.<\/p>\n<p><strong>Dur\u00e9e de conservation<\/strong><br \/>Les donn\u00e9es personnelles trait\u00e9es \u00e0 des fins de gestion de client\u00e8le seront conserv\u00e9es:<br \/>&#8211; Donn\u00e9es du client: Jusqu&rsquo;\u00e0 15 ans apr\u00e8s cl\u00f4ture du dossier.<br \/>&#8211; Donn\u00e9es du fournisseur: Jusqu&rsquo;\u00e0 30 ans apr\u00e8s cl\u00f4ture du dossier.<br \/>&#8211; Donn\u00e9es du personnel: 15 ans apr\u00e8s fin de carri\u00e8re, jusqu&rsquo;\u00e0 50 ans.<br \/>&#8211; E-mail et donn\u00e9es de communication: Jusqu&rsquo;\u00e0 15 ans apr\u00e8s cl\u00f4ture du dossier.<br \/>&#8211; Donn\u00e9es financi\u00e8res: D&rsquo;apr\u00e8s les exigences l\u00e9gales.<\/p>\n<p><strong>Droit de regard, de correction, d\u2019effacement, de restriction, d\u2019objection et<\/strong><br \/><strong>de transmissibilit\u00e9 des donn\u00e9es personnelles<\/strong><br \/>Le client a, \u00e0 tout moment, le droit de consulter ses donn\u00e9es personnelles et de les (faire) corriger si<br \/>celles-ci sont inexactes ou incompl\u00e8tes, de les faire supprimer, ou d\u2019exiger la limitation de leur<br \/>traitement ; il a le droit de s\u2019opposer au traitement de ses donn\u00e9es personnelles sur la base de<br \/>l\u2019article 6.1 (f).<br \/>De plus, le client a le droit d\u2019obtenir une copie de ses donn\u00e9es personnelles (sous un format<br \/>structur\u00e9 et courant, lisible par machine) et de faire envoyer les donn\u00e9es personnelles \u00e0 une autre<br \/>soci\u00e9t\u00e9.<br \/>Afin d\u2019exercer les droits pr\u00e9cit\u00e9s, le client peut envoyer un e-mail \u00e0 l\u2019adresse \u00e9lectronique suivante :<br \/><a href=\"mailto:info@imatex.be\">info@imatex.be<\/a><\/p>\n<p><strong>Plainte<\/strong><br \/>Le client dispose du droit d\u2019introduire une plainte aupr\u00e8s de la<br \/>Commission de Protection de la vie priv\u00e9e<br \/>Rue de la Presse 35<br \/>1000 Bruxelles<br \/>commission@privacycommission.be<\/p>\n<p>[\/et_pb_text][\/et_pb_column][\/et_pb_row][\/et_pb_section]<\/p>\n","protected":false},"excerpt":{"rendered":"<p>POLITIQUE DE CONFIDENTIALIT\u00c9 Imatex traite les donn\u00e9es personnelles conform\u00e9ment \u00e0 la pr\u00e9sente d\u00e9claration de confidentialit\u00e9.Pour de plus amples informations, questions ou remarques concernant notre politique deconfidentialit\u00e9 vous pouvez nous contacter sur info@imatex.be. But du traitement des donn\u00e9esImatex collecte et traite les donn\u00e9es personnelles des clients et fournisseurs (potentiels) pour lagestion de client\u00e8le et fournisseurs (entre [&hellip;]<\/p>\n","protected":false},"author":1,"featured_media":0,"parent":0,"menu_order":0,"comment_status":"closed","ping_status":"closed","template":"","meta":{"_et_pb_use_builder":"on","_et_pb_old_content":"<!-- wp:heading -->\n<h2>Wie zijn we<\/h2>\n<!-- \/wp:heading -->\n\n<!-- wp:paragraph -->\n<p>Ons website-adres is: https:\/\/imatex-plastics.be\/nl\/.<\/p>\n<!-- \/wp:paragraph -->\n\n<!-- wp:heading -->\n<h2>Welke persoonlijke gegevens we verzamelen en waarom we die verzamelen<\/h2>\n<!-- \/wp:heading -->\n\n<!-- wp:heading {\"level\":3} -->\n<h3>Reacties<\/h3>\n<!-- \/wp:heading -->\n\n<!-- wp:paragraph -->\n<p>Als bezoekers reacties achterlaten op de site, verzamelen we de gegevens getoond in het reactieformulier, het IP-adres van de bezoeker en de browser user agent om te helpen spam te detecteren.<\/p>\n<!-- \/wp:paragraph -->\n\n<!-- wp:paragraph -->\n<p>Een geanonimiseerde string, gemaakt op basis van je e-mailadres (dit wordt ook een hash genoemd) kan worden gestuurd naar de Gravatar service indien je dit gebruikt. De privacybeleidspagina kun je hier vinden: https:\/\/automattic.com\/privacy\/. Nadat je reactie is goedgekeurd, is je profielfoto publiekelijk zichtbaar in de context van je reactie.<\/p>\n<!-- \/wp:paragraph -->\n\n<!-- wp:heading {\"level\":3} -->\n<h3>Media<\/h3>\n<!-- \/wp:heading -->\n\n<!-- wp:paragraph -->\n<p>Als je een geregistreerde gebruiker bent en afbeeldingen naar de site upload, moet je voorkomen dat je afbeeldingen uploadt met daarin EXIF GPS locatie gegevens. Bezoekers van de website kunnen de afbeeldingen van de website downloaden en de locatiegegevens inzien.<\/p>\n<!-- \/wp:paragraph -->\n\n<!-- wp:heading {\"level\":3} -->\n<h3>Contactformulieren<\/h3>\n<!-- \/wp:heading -->\n\n<!-- wp:heading {\"level\":3} -->\n<h3>Cookies<\/h3>\n<!-- \/wp:heading -->\n\n<!-- wp:paragraph -->\n<p>Wanneer je een reactie achterlaat op onze site, kun je aangeven of je naam, je e-mailadres en website in een cookie opgeslagen mogen worden. Dit doen we voor jouw gemak zodat je deze gegevens niet opnieuw hoeft in te vullen voor een nieuwe reactie. Deze cookies zijn een jaar lang geldig. <\/p>\n<!-- \/wp:paragraph -->\n\n<!-- wp:paragraph -->\n<p>Indien je onze inlogpagina bezoekt, slaan we een tijdelijke cookie op om te controleren of je browser cookies accepteert. Deze cookie bevat geen persoonlijke gegevens en wordt verwijderd zodra je je browser sluit.<\/p>\n<!-- \/wp:paragraph -->\n\n<!-- wp:paragraph -->\n<p>Zodra je inlogt, zullen we enkele cookies bewaren in verband met jouw login informatie en schermweergave opties. Login cookies zijn 2 dagen geldig en cookies voor schermweergave opties 1 jaar. Als je \"Herinner mij\" selecteert, wordt je login 2 weken bewaard. Zodra je uitlogt van jouw account, worden login cookies verwijderd.<\/p>\n<!-- \/wp:paragraph -->\n\n<!-- wp:paragraph -->\n<p>Wanneer je een bericht wijzigt of publiceert wordt een aanvullende cookie door je browser opgeslagen. Deze cookie bevat geen persoonlijke data en heeft enkel het post ID van het artikel wat je hebt bewerkt in zich. Deze cookie is na een dag verlopen.<\/p>\n<!-- \/wp:paragraph -->\n\n<!-- wp:heading {\"level\":3} -->\n<h3>Ingesloten inhoud van andere websites<\/h3>\n<!-- \/wp:heading -->\n\n<!-- wp:paragraph -->\n<p>Berichten op deze site kunnen ingesloten (embedded) inhoud bevatten (bijvoorbeeld video's, afbeeldingen, berichten, etc.). Ingesloten inhoud van andere websites gedraagt zich exact hetzelfde alsof de bezoeker deze andere website heeft bezocht.<\/p>\n<!-- \/wp:paragraph -->\n\n<!-- wp:paragraph -->\n<p>Deze websites kunnen data over jou verzamelen, cookies gebruiken, tracking van derde partijen insluiten en je interactie met deze ingesloten inhoud monitoren, inclusief de interactie met ingesloten inhoud als je een account hebt en ingelogd bent op die website.<\/p>\n<!-- \/wp:paragraph -->\n\n<!-- wp:heading {\"level\":3} -->\n<h3>Analytics<\/h3>\n<!-- \/wp:heading -->\n\n<!-- wp:heading -->\n<h2>Met wie we jouw data delen<\/h2>\n<!-- \/wp:heading -->\n\n<!-- wp:heading -->\n<h2>Hoe lang we jouw data bewaren<\/h2>\n<!-- \/wp:heading -->\n\n<!-- wp:paragraph -->\n<p>Wanneer je een reactie achterlaat dan wordt die reactie en de metadata van die reactie voor altijd bewaard. Op deze manier kunnen we vervolgreacties automatisch herkennen en goedkeuren in plaats van dat we ze moeten modereren.<\/p>\n<!-- \/wp:paragraph -->\n\n<!-- wp:paragraph -->\n<p>Voor gebruikers die geregistreerd op onze website (indien van toepassing), bewaren we ook persoonlijke informatie in hun gebruikersprofiel. Alle gebruikers kunnen hun persoonlijke informatie bekijken, wijzigen of verwijderen op ieder moment (de gebruikersnaam kan niet gewijzigd worden). Website beheerders kunnen deze informatie ook bekijken en wijzigen.<\/p>\n<!-- \/wp:paragraph -->\n\n<!-- wp:heading -->\n<h2>Welke rechten je hebt over je data<\/h2>\n<!-- \/wp:heading -->\n\n<!-- wp:paragraph -->\n<p>Als je een account hebt op deze site of je hebt reacties achter gelaten, kan je verzoeken om een exportbestand van je persoonlijke gegevens die we van je hebben, inclusief alle gegevens die je ons opgegeven hebt. Je kan ook verzoeken dat we alle persoonlijke gegevens die we van je hebben verwijderen. Dit bevat geen gegevens die we verplicht moeten bewaren in verband met administratieve, wettelijke of beveiligings doeleinden.<\/p>\n<!-- \/wp:paragraph -->\n\n<!-- wp:heading -->\n<h2>Waar we jouw data naartoe sturen<\/h2>\n<!-- \/wp:heading -->\n\n<!-- wp:paragraph -->\n<p>Reacties van bezoekers kunnen door een geautomatiseerde spamdetectie service geleid worden.<\/p>\n<!-- \/wp:paragraph -->\n\n<!-- wp:heading -->\n<h2>Jouw contactinformatie<\/h2>\n<!-- \/wp:heading -->\n\n<!-- wp:heading -->\n<h2>Aanvullende informatie<\/h2>\n<!-- \/wp:heading -->\n\n<!-- wp:heading {\"level\":3} -->\n<h3>Hoe we jouw data beveiligen<\/h3>\n<!-- \/wp:heading -->\n\n<!-- wp:heading {\"level\":3} -->\n<h3>Welke datalek procedures we ge\u00efmplementeerd hebben<\/h3>\n<!-- \/wp:heading -->\n\n<!-- wp:heading {\"level\":3} -->\n<h3>Van welke derde partijen we data ontvangen<\/h3>\n<!-- \/wp:heading -->\n\n<!-- wp:heading {\"level\":3} -->\n<h3>Wat voor geautomatiseerde besluiten we nemen en profilering we doen met gebruikersgegevens<\/h3>\n<!-- \/wp:heading -->\n\n<!-- wp:heading {\"level\":3} -->\n<h3>Openbaarmakingsverplichtingen van de industrie<\/h3>\n<!-- \/wp:heading -->","_et_gb_content_width":"","footnotes":""},"class_list":["post-2921","page","type-page","status-publish","hentry"],"yoast_head":"<!-- This site is optimized with the Yoast SEO plugin v27.4 - https:\/\/yoast.com\/product\/yoast-seo-wordpress\/ -->\n<title>Politique de confidentialit\u00e9 - Imatex Plastics<\/title>\n<meta name=\"description\" content=\"Imatex verwerkt persoonsgegevens overeenkomstig deze privacyverklaring. Voor informatie of opmerkingen kunt u terecht op info@imatex.be\" \/>\n<meta name=\"robots\" content=\"index, follow, max-snippet:-1, max-image-preview:large, max-video-preview:-1\" \/>\n<link rel=\"canonical\" href=\"https:\/\/imatex-plastics.be\/fr\/politique-de-confidentialite\/\" \/>\n<meta property=\"og:locale\" content=\"fr_FR\" \/>\n<meta property=\"og:type\" content=\"article\" \/>\n<meta property=\"og:title\" content=\"Politique de confidentialit\u00e9 - Imatex Plastics\" \/>\n<meta property=\"og:description\" content=\"Imatex verwerkt persoonsgegevens overeenkomstig deze privacyverklaring. Voor informatie of opmerkingen kunt u terecht op info@imatex.be\" \/>\n<meta property=\"og:url\" content=\"https:\/\/imatex-plastics.be\/fr\/politique-de-confidentialite\/\" \/>\n<meta property=\"og:site_name\" content=\"Imatex Plastics\" \/>\n<meta property=\"article:publisher\" content=\"https:\/\/www.facebook.com\/imatexnv\/\" \/>\n<meta property=\"article:modified_time\" content=\"2019-12-03T12:44:13+00:00\" \/>\n<meta property=\"og:image\" content=\"https:\/\/i0.wp.com\/imatex-plastics.be\/wp-content\/uploads\/2019\/11\/Imatex-facebook.jpg?fit=1200%2C630&ssl=1\" \/>\n\t<meta property=\"og:image:width\" content=\"1200\" \/>\n\t<meta property=\"og:image:height\" content=\"630\" \/>\n\t<meta property=\"og:image:type\" content=\"image\/jpeg\" \/>\n<meta name=\"twitter:card\" content=\"summary_large_image\" \/>\n<meta name=\"twitter:label1\" content=\"Dur\u00e9e de lecture estim\u00e9e\" \/>\n\t<meta name=\"twitter:data1\" content=\"3 minutes\" \/>\n<script type=\"application\/ld+json\" class=\"yoast-schema-graph\">{\"@context\":\"https:\\\/\\\/schema.org\",\"@graph\":[{\"@type\":\"WebPage\",\"@id\":\"https:\\\/\\\/imatex-plastics.be\\\/fr\\\/politique-de-confidentialite\\\/\",\"url\":\"https:\\\/\\\/imatex-plastics.be\\\/fr\\\/politique-de-confidentialite\\\/\",\"name\":\"Politique de confidentialit\u00e9 - Imatex Plastics\",\"isPartOf\":{\"@id\":\"https:\\\/\\\/imatex-plastics.be\\\/fr\\\/#website\"},\"datePublished\":\"2019-12-03T12:32:34+00:00\",\"dateModified\":\"2019-12-03T12:44:13+00:00\",\"description\":\"Imatex verwerkt persoonsgegevens overeenkomstig deze privacyverklaring. Voor informatie of opmerkingen kunt u terecht op info@imatex.be\",\"breadcrumb\":{\"@id\":\"https:\\\/\\\/imatex-plastics.be\\\/fr\\\/politique-de-confidentialite\\\/#breadcrumb\"},\"inLanguage\":\"fr-FR\",\"potentialAction\":[{\"@type\":\"ReadAction\",\"target\":[\"https:\\\/\\\/imatex-plastics.be\\\/fr\\\/politique-de-confidentialite\\\/\"]}]},{\"@type\":\"BreadcrumbList\",\"@id\":\"https:\\\/\\\/imatex-plastics.be\\\/fr\\\/politique-de-confidentialite\\\/#breadcrumb\",\"itemListElement\":[{\"@type\":\"ListItem\",\"position\":1,\"name\":\"Home\",\"item\":\"https:\\\/\\\/imatex-plastics.be\\\/fr\\\/\"},{\"@type\":\"ListItem\",\"position\":2,\"name\":\"Politique de confidentialit\u00e9\"}]},{\"@type\":\"WebSite\",\"@id\":\"https:\\\/\\\/imatex-plastics.be\\\/fr\\\/#website\",\"url\":\"https:\\\/\\\/imatex-plastics.be\\\/fr\\\/\",\"name\":\"Imatex Plastics\",\"description\":\"Imatex, the partner for all your projects involving plastic. \",\"publisher\":{\"@id\":\"https:\\\/\\\/imatex-plastics.be\\\/fr\\\/#organization\"},\"potentialAction\":[{\"@type\":\"SearchAction\",\"target\":{\"@type\":\"EntryPoint\",\"urlTemplate\":\"https:\\\/\\\/imatex-plastics.be\\\/fr\\\/?s={search_term_string}\"},\"query-input\":{\"@type\":\"PropertyValueSpecification\",\"valueRequired\":true,\"valueName\":\"search_term_string\"}}],\"inLanguage\":\"fr-FR\"},{\"@type\":\"Organization\",\"@id\":\"https:\\\/\\\/imatex-plastics.be\\\/fr\\\/#organization\",\"name\":\"Imatex nv\",\"url\":\"https:\\\/\\\/imatex-plastics.be\\\/fr\\\/\",\"logo\":{\"@type\":\"ImageObject\",\"inLanguage\":\"fr-FR\",\"@id\":\"https:\\\/\\\/imatex-plastics.be\\\/fr\\\/#\\\/schema\\\/logo\\\/image\\\/\",\"url\":\"https:\\\/\\\/imatex-plastics.be\\\/wp-content\\\/uploads\\\/2019\\\/10\\\/imatex-plastics-logo-l.png\",\"contentUrl\":\"https:\\\/\\\/imatex-plastics.be\\\/wp-content\\\/uploads\\\/2019\\\/10\\\/imatex-plastics-logo-l.png\",\"width\":400,\"height\":90,\"caption\":\"Imatex nv\"},\"image\":{\"@id\":\"https:\\\/\\\/imatex-plastics.be\\\/fr\\\/#\\\/schema\\\/logo\\\/image\\\/\"},\"sameAs\":[\"https:\\\/\\\/www.facebook.com\\\/imatexnv\\\/\",\"https:\\\/\\\/www.linkedin.com\\\/company\\\/imatex-nv\\\/\"]}]}<\/script>\n<!-- \/ Yoast SEO plugin. -->","yoast_head_json":{"title":"Politique de confidentialit\u00e9 - Imatex Plastics","description":"Imatex verwerkt persoonsgegevens overeenkomstig deze privacyverklaring. Voor informatie of opmerkingen kunt u terecht op info@imatex.be","robots":{"index":"index","follow":"follow","max-snippet":"max-snippet:-1","max-image-preview":"max-image-preview:large","max-video-preview":"max-video-preview:-1"},"canonical":"https:\/\/imatex-plastics.be\/fr\/politique-de-confidentialite\/","og_locale":"fr_FR","og_type":"article","og_title":"Politique de confidentialit\u00e9 - Imatex Plastics","og_description":"Imatex verwerkt persoonsgegevens overeenkomstig deze privacyverklaring. Voor informatie of opmerkingen kunt u terecht op info@imatex.be","og_url":"https:\/\/imatex-plastics.be\/fr\/politique-de-confidentialite\/","og_site_name":"Imatex Plastics","article_publisher":"https:\/\/www.facebook.com\/imatexnv\/","article_modified_time":"2019-12-03T12:44:13+00:00","og_image":[{"width":1200,"height":630,"url":"https:\/\/i0.wp.com\/imatex-plastics.be\/wp-content\/uploads\/2019\/11\/Imatex-facebook.jpg?fit=1200%2C630&ssl=1","type":"image\/jpeg"}],"twitter_card":"summary_large_image","twitter_misc":{"Dur\u00e9e de lecture estim\u00e9e":"3 minutes"},"schema":{"@context":"https:\/\/schema.org","@graph":[{"@type":"WebPage","@id":"https:\/\/imatex-plastics.be\/fr\/politique-de-confidentialite\/","url":"https:\/\/imatex-plastics.be\/fr\/politique-de-confidentialite\/","name":"Politique de confidentialit\u00e9 - Imatex Plastics","isPartOf":{"@id":"https:\/\/imatex-plastics.be\/fr\/#website"},"datePublished":"2019-12-03T12:32:34+00:00","dateModified":"2019-12-03T12:44:13+00:00","description":"Imatex verwerkt persoonsgegevens overeenkomstig deze privacyverklaring. Voor informatie of opmerkingen kunt u terecht op info@imatex.be","breadcrumb":{"@id":"https:\/\/imatex-plastics.be\/fr\/politique-de-confidentialite\/#breadcrumb"},"inLanguage":"fr-FR","potentialAction":[{"@type":"ReadAction","target":["https:\/\/imatex-plastics.be\/fr\/politique-de-confidentialite\/"]}]},{"@type":"BreadcrumbList","@id":"https:\/\/imatex-plastics.be\/fr\/politique-de-confidentialite\/#breadcrumb","itemListElement":[{"@type":"ListItem","position":1,"name":"Home","item":"https:\/\/imatex-plastics.be\/fr\/"},{"@type":"ListItem","position":2,"name":"Politique de confidentialit\u00e9"}]},{"@type":"WebSite","@id":"https:\/\/imatex-plastics.be\/fr\/#website","url":"https:\/\/imatex-plastics.be\/fr\/","name":"Imatex Plastics","description":"Imatex, the partner for all your projects involving plastic. ","publisher":{"@id":"https:\/\/imatex-plastics.be\/fr\/#organization"},"potentialAction":[{"@type":"SearchAction","target":{"@type":"EntryPoint","urlTemplate":"https:\/\/imatex-plastics.be\/fr\/?s={search_term_string}"},"query-input":{"@type":"PropertyValueSpecification","valueRequired":true,"valueName":"search_term_string"}}],"inLanguage":"fr-FR"},{"@type":"Organization","@id":"https:\/\/imatex-plastics.be\/fr\/#organization","name":"Imatex nv","url":"https:\/\/imatex-plastics.be\/fr\/","logo":{"@type":"ImageObject","inLanguage":"fr-FR","@id":"https:\/\/imatex-plastics.be\/fr\/#\/schema\/logo\/image\/","url":"https:\/\/imatex-plastics.be\/wp-content\/uploads\/2019\/10\/imatex-plastics-logo-l.png","contentUrl":"https:\/\/imatex-plastics.be\/wp-content\/uploads\/2019\/10\/imatex-plastics-logo-l.png","width":400,"height":90,"caption":"Imatex nv"},"image":{"@id":"https:\/\/imatex-plastics.be\/fr\/#\/schema\/logo\/image\/"},"sameAs":["https:\/\/www.facebook.com\/imatexnv\/","https:\/\/www.linkedin.com\/company\/imatex-nv\/"]}]}},"jetpack_sharing_enabled":true,"_links":{"self":[{"href":"https:\/\/imatex-plastics.be\/fr\/wp-json\/wp\/v2\/pages\/2921","targetHints":{"allow":["GET"]}}],"collection":[{"href":"https:\/\/imatex-plastics.be\/fr\/wp-json\/wp\/v2\/pages"}],"about":[{"href":"https:\/\/imatex-plastics.be\/fr\/wp-json\/wp\/v2\/types\/page"}],"author":[{"embeddable":true,"href":"https:\/\/imatex-plastics.be\/fr\/wp-json\/wp\/v2\/users\/1"}],"replies":[{"embeddable":true,"href":"https:\/\/imatex-plastics.be\/fr\/wp-json\/wp\/v2\/comments?post=2921"}],"version-history":[{"count":0,"href":"https:\/\/imatex-plastics.be\/fr\/wp-json\/wp\/v2\/pages\/2921\/revisions"}],"wp:attachment":[{"href":"https:\/\/imatex-plastics.be\/fr\/wp-json\/wp\/v2\/media?parent=2921"}],"curies":[{"name":"wp","href":"https:\/\/api.w.org\/{rel}","templated":true}]}}