{"id":2636,"date":"2019-11-01T12:19:27","date_gmt":"2019-11-01T12:19:27","guid":{"rendered":"https:\/\/imatex-plastics.be\/realisaties\/"},"modified":"2022-03-14T10:04:32","modified_gmt":"2022-03-14T10:04:32","slug":"realisations","status":"publish","type":"page","link":"https:\/\/imatex-plastics.be\/fr\/realisations\/","title":{"rendered":"R\u00e9alisations"},"content":{"rendered":"<p>[et_pb_section fb_built=\u00a0\u00bb1&Prime; _builder_version=\u00a0\u00bb4.0.5&Prime; custom_padding=\u00a0\u00bb||5px|||\u00a0\u00bb global_colors_info=\u00a0\u00bb{}\u00a0\u00bb][et_pb_row _builder_version=\u00a0\u00bb4.0.5&Prime; custom_padding=\u00a0\u00bb1px||0px|||\u00a0\u00bb global_colors_info=\u00a0\u00bb{}\u00a0\u00bb][et_pb_column type=\u00a0\u00bb4_4&Prime; _builder_version=\u00a0\u00bb4.0.5&Prime; global_colors_info=\u00a0\u00bb{}\u00a0\u00bb][et_pb_text _builder_version=\u00a0\u00bb4.14.8&Prime; header_text_align=\u00a0\u00bbcenter\u00a0\u00bb header_text_color=\u00a0\u00bb#1f497d\u00a0\u00bb header_2_text_color=\u00a0\u00bb#1f497d\u00a0\u00bb header_3_text_color=\u00a0\u00bb#1f497d\u00a0\u00bb header_4_text_color=\u00a0\u00bb#1f497d\u00a0\u00bb header_5_text_color=\u00a0\u00bb#1f497d\u00a0\u00bb header_6_text_color=\u00a0\u00bb#1f497d\u00a0\u00bb custom_margin=\u00a0\u00bb-1px||13px||false|false\u00a0\u00bb custom_margin_tablet=\u00a0\u00bb||5px||false|false\u00a0\u00bb custom_margin_phone=\u00a0\u00bb\u00a0\u00bb custom_margin_last_edited=\u00a0\u00bbon|phone\u00a0\u00bb custom_padding=\u00a0\u00bb|0px|0px|0px|false|false\u00a0\u00bb custom_padding_tablet=\u00a0\u00bb0px||0px||false|false\u00a0\u00bb custom_padding_phone=\u00a0\u00bb\u00a0\u00bb custom_padding_last_edited=\u00a0\u00bbon|tablet\u00a0\u00bb header_text_align_tablet=\u00a0\u00bbcenter\u00a0\u00bb header_text_align_phone=\u00a0\u00bb\u00a0\u00bb header_text_align_last_edited=\u00a0\u00bbon|tablet\u00a0\u00bb header_font_size_tablet=\u00a0\u00bb26px\u00a0\u00bb header_font_size_phone=\u00a0\u00bb20px\u00a0\u00bb header_font_size_last_edited=\u00a0\u00bbon|phone\u00a0\u00bb global_colors_info=\u00a0\u00bb{}\u00a0\u00bb]<\/p>\n<h1><strong>R\u00e9alisations<\/strong> Imatex<\/h1>\n<p>[\/et_pb_text][\/et_pb_column][\/et_pb_row][\/et_pb_section][et_pb_section fb_built=\u00a0\u00bb1&Prime; _builder_version=\u00a0\u00bb4.14.8&Prime; _module_preset=\u00a0\u00bbdefault\u00a0\u00bb custom_margin=\u00a0\u00bb0px||0px||false|false\u00a0\u00bb custom_padding=\u00a0\u00bb0px||20px||false|false\u00a0\u00bb global_colors_info=\u00a0\u00bb{}\u00a0\u00bb][et_pb_row _builder_version=\u00a0\u00bb4.14.8&Prime; _module_preset=\u00a0\u00bbdefault\u00a0\u00bb custom_margin=\u00a0\u00bb0px||20px||false|false\u00a0\u00bb custom_padding=\u00a0\u00bb0px||0px||true|false\u00a0\u00bb border_radii=\u00a0\u00bboff|25px|25px||25px\u00a0\u00bb border_width_all=\u00a0\u00bb1px\u00a0\u00bb border_color_all=\u00a0\u00bb#1f497d\u00a0\u00bb border_width_right=\u00a0\u00bb1px\u00a0\u00bb border_width_bottom=\u00a0\u00bb1px\u00a0\u00bb border_width_left=\u00a0\u00bb1px\u00a0\u00bb global_colors_info=\u00a0\u00bb{}\u00a0\u00bb][et_pb_column type=\u00a0\u00bb4_4&Prime; _builder_version=\u00a0\u00bb4.14.8&Prime; _module_preset=\u00a0\u00bbdefault\u00a0\u00bb global_colors_info=\u00a0\u00bb{}\u00a0\u00bb][et_pb_text _builder_version=\u00a0\u00bb4.14.8&Prime; _module_preset=\u00a0\u00bbdefault\u00a0\u00bb text_font_size=\u00a0\u00bb16px\u00a0\u00bb header_text_color=\u00a0\u00bb#1f497d\u00a0\u00bb header_2_text_color=\u00a0\u00bb#1f497d\u00a0\u00bb header_3_font=\u00a0\u00bbBiryani|600|||||||\u00a0\u00bb header_3_text_color=\u00a0\u00bb#1f497d\u00a0\u00bb header_3_font_size=\u00a0\u00bb18px\u00a0\u00bb header_4_text_color=\u00a0\u00bb#1f497d\u00a0\u00bb header_5_text_color=\u00a0\u00bb#1f497d\u00a0\u00bb header_6_text_color=\u00a0\u00bb#1f497d\u00a0\u00bb custom_margin=\u00a0\u00bb0px||0px||true|false\u00a0\u00bb custom_padding=\u00a0\u00bb30px|20px|30px|20px|false|false\u00a0\u00bb border_radii=\u00a0\u00bboff|25px||25px|25px\u00a0\u00bb border_color_all=\u00a0\u00bb#1f497d\u00a0\u00bb global_colors_info=\u00a0\u00bb{}\u00a0\u00bb]<\/p>\n<h2>Notre production s&rsquo;articule autour de la personnalisation, tant pour les travaux \u00e0 la pi\u00e8ce que pour les petites et grandes s\u00e9ries.<\/h2>\n<p>Les protections d&rsquo;\u0153uvres d&rsquo;art, les porte-brochures, les capots de protection pour les machines, les vitrines, les vitrages de s\u00e9curit\u00e9, les \u00e9crans de bateau et de moteur, les pr\u00e9sentoirs, les plats, les pi\u00e8ces pour l&rsquo;industrie automobile, l&rsquo;\u00e9clairage, les pi\u00e8ces de machine et les am\u00e9nagements de magasins n&rsquo;en sont que quelques exemples. Nous r\u00e9alisons les produit en concertation avec nos clients. Nos project managers exp\u00e9riment\u00e9s se feront un plaisir de vous aider \u00e0 concevoir ou \u00e0 adapter votre id\u00e9e.[\/et_pb_text][\/et_pb_column][\/et_pb_row][\/et_pb_section][et_pb_section fb_built=\u00a0\u00bb1&Prime; _builder_version=\u00a0\u00bb4.14.8&Prime; custom_margin=\u00a0\u00bb0px||0px||false|false\u00a0\u00bb custom_padding=\u00a0\u00bb0px||0px||false|false\u00a0\u00bb global_colors_info=\u00a0\u00bb{}\u00a0\u00bb][et_pb_row _builder_version=\u00a0\u00bb4.14.8&Prime; _module_preset=\u00a0\u00bbdefault\u00a0\u00bb custom_margin=\u00a0\u00bb0px||0px||false|false\u00a0\u00bb custom_padding=\u00a0\u00bb4px||4px||false|false\u00a0\u00bb global_colors_info=\u00a0\u00bb{}\u00a0\u00bb][et_pb_column type=\u00a0\u00bb4_4&Prime; _builder_version=\u00a0\u00bb4.14.8&Prime; _module_preset=\u00a0\u00bbdefault\u00a0\u00bb global_colors_info=\u00a0\u00bb{}\u00a0\u00bb][et_pb_filterable_portfolio fullwidth=\u00a0\u00bboff\u00a0\u00bb posts_number=\u00a0\u00bb100&Prime; include_categories=\u00a0\u00bb74,93,94,89,82,81,73,90,98,85,78,97,104,101,103,77&Prime; module_class=\u00a0\u00bblwp-disable-link\u00a0\u00bb _builder_version=\u00a0\u00bb4.14.8&Prime; _module_preset=\u00a0\u00bbdefault\u00a0\u00bb title_font_size=\u00a0\u00bb14px\u00a0\u00bb filter_font_size=\u00a0\u00bb14px\u00a0\u00bb caption_font_size=\u00a0\u00bb12px\u00a0\u00bb custom_margin=\u00a0\u00bb||0px||false|false\u00a0\u00bb custom_padding=\u00a0\u00bb||0px||false|false\u00a0\u00bb hover_enabled=\u00a0\u00bb0&Prime; custom_css_portfolio_title=\u00a0\u00bbpadding-left:20px; padding-right:20px;\u00a0\u00bb custom_css_portfolio_post_meta=\u00a0\u00bbpadding-left:20px; padding-right:20px;\u00a0\u00bb border_radii_image=\u00a0\u00bboff|25px|25px||25px\u00a0\u00bb border_width_all_image=\u00a0\u00bb1px\u00a0\u00bb border_color_all_image=\u00a0\u00bb#1f497d\u00a0\u00bb global_colors_info=\u00a0\u00bb{}\u00a0\u00bb show_categories=\u00a0\u00bboff\u00a0\u00bb custom_css_portfolio_filters=\u00a0\u00bbdisplay:none;\u00a0\u00bb custom_css_active_portfolio_filter=\u00a0\u00bbdisplay:none;\u00a0\u00bb sticky_enabled=\u00a0\u00bb0&Prime;][\/et_pb_filterable_portfolio][\/et_pb_column][\/et_pb_row][\/et_pb_section]<\/p>\n","protected":false},"excerpt":{"rendered":"<p>R\u00e9alisations ImatexNotre production s&rsquo;articule autour de la personnalisation, tant pour les travaux \u00e0 la pi\u00e8ce que pour les petites et grandes s\u00e9ries. Les protections d&rsquo;\u0153uvres d&rsquo;art, les porte-brochures, les capots de protection pour les machines, les vitrines, les vitrages de s\u00e9curit\u00e9, les \u00e9crans de bateau et de moteur, les pr\u00e9sentoirs, les plats, les pi\u00e8ces pour [&hellip;]<\/p>\n","protected":false},"author":1,"featured_media":0,"parent":0,"menu_order":0,"comment_status":"closed","ping_status":"closed","template":"","meta":{"_et_pb_use_builder":"on","_et_pb_old_content":"<!-- wp:divi\/placeholder \/-->","_et_gb_content_width":"","footnotes":""},"class_list":["post-2636","page","type-page","status-publish","hentry"],"yoast_head":"<!-- This site is optimized with the Yoast SEO plugin v27.4 - https:\/\/yoast.com\/product\/yoast-seo-wordpress\/ -->\n<title>R\u00e9alisations \u00e0 la pi\u00e8ce ou petites et grandes s\u00e9ries - Imatex Plastics<\/title>\n<meta name=\"description\" content=\"R\u00e9alisations Imatex: Auvents d&#039;\u0153uvres d&#039;art, porte-brochures, housses de protection pour machines, vitrines, vitrages de s\u00e9curit\u00e9, \u00e9crans pour bateaux\" \/>\n<meta name=\"robots\" content=\"index, follow, max-snippet:-1, max-image-preview:large, max-video-preview:-1\" \/>\n<link rel=\"canonical\" href=\"https:\/\/imatex-plastics.be\/fr\/realisations\/\" \/>\n<meta property=\"og:locale\" content=\"fr_FR\" \/>\n<meta property=\"og:type\" content=\"article\" \/>\n<meta property=\"og:title\" content=\"R\u00e9alisations \u00e0 la pi\u00e8ce ou petites et grandes s\u00e9ries - Imatex Plastics\" \/>\n<meta property=\"og:description\" content=\"R\u00e9alisations Imatex: Auvents d&#039;\u0153uvres d&#039;art, porte-brochures, housses de protection pour machines, vitrines, vitrages de s\u00e9curit\u00e9, \u00e9crans pour bateaux\" \/>\n<meta property=\"og:url\" content=\"https:\/\/imatex-plastics.be\/fr\/realisations\/\" \/>\n<meta property=\"og:site_name\" content=\"Imatex Plastics\" \/>\n<meta property=\"article:publisher\" content=\"https:\/\/www.facebook.com\/imatexnv\/\" \/>\n<meta property=\"article:modified_time\" content=\"2022-03-14T10:04:32+00:00\" \/>\n<meta property=\"og:image\" content=\"https:\/\/i0.wp.com\/imatex-plastics.be\/wp-content\/uploads\/2019\/11\/Imatex-facebook.jpg?fit=1200%2C630&ssl=1\" \/>\n\t<meta property=\"og:image:width\" content=\"1200\" \/>\n\t<meta property=\"og:image:height\" content=\"630\" \/>\n\t<meta property=\"og:image:type\" content=\"image\/jpeg\" \/>\n<meta name=\"twitter:card\" content=\"summary_large_image\" \/>\n<meta name=\"twitter:label1\" content=\"Dur\u00e9e de lecture estim\u00e9e\" \/>\n\t<meta name=\"twitter:data1\" content=\"3 minutes\" \/>\n<script type=\"application\/ld+json\" class=\"yoast-schema-graph\">{\"@context\":\"https:\\\/\\\/schema.org\",\"@graph\":[{\"@type\":\"WebPage\",\"@id\":\"https:\\\/\\\/imatex-plastics.be\\\/fr\\\/realisations\\\/\",\"url\":\"https:\\\/\\\/imatex-plastics.be\\\/fr\\\/realisations\\\/\",\"name\":\"R\u00e9alisations \u00e0 la pi\u00e8ce ou petites et grandes s\u00e9ries - Imatex Plastics\",\"isPartOf\":{\"@id\":\"https:\\\/\\\/imatex-plastics.be\\\/fr\\\/#website\"},\"datePublished\":\"2019-11-01T12:19:27+00:00\",\"dateModified\":\"2022-03-14T10:04:32+00:00\",\"description\":\"R\u00e9alisations Imatex: Auvents d'\u0153uvres d'art, porte-brochures, housses de protection pour machines, vitrines, vitrages de s\u00e9curit\u00e9, \u00e9crans pour bateaux\",\"breadcrumb\":{\"@id\":\"https:\\\/\\\/imatex-plastics.be\\\/fr\\\/realisations\\\/#breadcrumb\"},\"inLanguage\":\"fr-FR\",\"potentialAction\":[{\"@type\":\"ReadAction\",\"target\":[\"https:\\\/\\\/imatex-plastics.be\\\/fr\\\/realisations\\\/\"]}]},{\"@type\":\"BreadcrumbList\",\"@id\":\"https:\\\/\\\/imatex-plastics.be\\\/fr\\\/realisations\\\/#breadcrumb\",\"itemListElement\":[{\"@type\":\"ListItem\",\"position\":1,\"name\":\"Home\",\"item\":\"https:\\\/\\\/imatex-plastics.be\\\/fr\\\/\"},{\"@type\":\"ListItem\",\"position\":2,\"name\":\"R\u00e9alisations\"}]},{\"@type\":\"WebSite\",\"@id\":\"https:\\\/\\\/imatex-plastics.be\\\/fr\\\/#website\",\"url\":\"https:\\\/\\\/imatex-plastics.be\\\/fr\\\/\",\"name\":\"Imatex Plastics\",\"description\":\"Imatex, the partner for all your projects involving plastic. \",\"publisher\":{\"@id\":\"https:\\\/\\\/imatex-plastics.be\\\/fr\\\/#organization\"},\"potentialAction\":[{\"@type\":\"SearchAction\",\"target\":{\"@type\":\"EntryPoint\",\"urlTemplate\":\"https:\\\/\\\/imatex-plastics.be\\\/fr\\\/?s={search_term_string}\"},\"query-input\":{\"@type\":\"PropertyValueSpecification\",\"valueRequired\":true,\"valueName\":\"search_term_string\"}}],\"inLanguage\":\"fr-FR\"},{\"@type\":\"Organization\",\"@id\":\"https:\\\/\\\/imatex-plastics.be\\\/fr\\\/#organization\",\"name\":\"Imatex nv\",\"url\":\"https:\\\/\\\/imatex-plastics.be\\\/fr\\\/\",\"logo\":{\"@type\":\"ImageObject\",\"inLanguage\":\"fr-FR\",\"@id\":\"https:\\\/\\\/imatex-plastics.be\\\/fr\\\/#\\\/schema\\\/logo\\\/image\\\/\",\"url\":\"https:\\\/\\\/imatex-plastics.be\\\/wp-content\\\/uploads\\\/2019\\\/10\\\/imatex-plastics-logo-l.png\",\"contentUrl\":\"https:\\\/\\\/imatex-plastics.be\\\/wp-content\\\/uploads\\\/2019\\\/10\\\/imatex-plastics-logo-l.png\",\"width\":400,\"height\":90,\"caption\":\"Imatex nv\"},\"image\":{\"@id\":\"https:\\\/\\\/imatex-plastics.be\\\/fr\\\/#\\\/schema\\\/logo\\\/image\\\/\"},\"sameAs\":[\"https:\\\/\\\/www.facebook.com\\\/imatexnv\\\/\",\"https:\\\/\\\/www.linkedin.com\\\/company\\\/imatex-nv\\\/\"]}]}<\/script>\n<!-- \/ Yoast SEO plugin. -->","yoast_head_json":{"title":"R\u00e9alisations \u00e0 la pi\u00e8ce ou petites et grandes s\u00e9ries - Imatex Plastics","description":"R\u00e9alisations Imatex: Auvents d'\u0153uvres d'art, porte-brochures, housses de protection pour machines, vitrines, vitrages de s\u00e9curit\u00e9, \u00e9crans pour bateaux","robots":{"index":"index","follow":"follow","max-snippet":"max-snippet:-1","max-image-preview":"max-image-preview:large","max-video-preview":"max-video-preview:-1"},"canonical":"https:\/\/imatex-plastics.be\/fr\/realisations\/","og_locale":"fr_FR","og_type":"article","og_title":"R\u00e9alisations \u00e0 la pi\u00e8ce ou petites et grandes s\u00e9ries - Imatex Plastics","og_description":"R\u00e9alisations Imatex: Auvents d'\u0153uvres d'art, porte-brochures, housses de protection pour machines, vitrines, vitrages de s\u00e9curit\u00e9, \u00e9crans pour bateaux","og_url":"https:\/\/imatex-plastics.be\/fr\/realisations\/","og_site_name":"Imatex Plastics","article_publisher":"https:\/\/www.facebook.com\/imatexnv\/","article_modified_time":"2022-03-14T10:04:32+00:00","og_image":[{"width":1200,"height":630,"url":"https:\/\/i0.wp.com\/imatex-plastics.be\/wp-content\/uploads\/2019\/11\/Imatex-facebook.jpg?fit=1200%2C630&ssl=1","type":"image\/jpeg"}],"twitter_card":"summary_large_image","twitter_misc":{"Dur\u00e9e de lecture estim\u00e9e":"3 minutes"},"schema":{"@context":"https:\/\/schema.org","@graph":[{"@type":"WebPage","@id":"https:\/\/imatex-plastics.be\/fr\/realisations\/","url":"https:\/\/imatex-plastics.be\/fr\/realisations\/","name":"R\u00e9alisations \u00e0 la pi\u00e8ce ou petites et grandes s\u00e9ries - Imatex Plastics","isPartOf":{"@id":"https:\/\/imatex-plastics.be\/fr\/#website"},"datePublished":"2019-11-01T12:19:27+00:00","dateModified":"2022-03-14T10:04:32+00:00","description":"R\u00e9alisations Imatex: Auvents d'\u0153uvres d'art, porte-brochures, housses de protection pour machines, vitrines, vitrages de s\u00e9curit\u00e9, \u00e9crans pour bateaux","breadcrumb":{"@id":"https:\/\/imatex-plastics.be\/fr\/realisations\/#breadcrumb"},"inLanguage":"fr-FR","potentialAction":[{"@type":"ReadAction","target":["https:\/\/imatex-plastics.be\/fr\/realisations\/"]}]},{"@type":"BreadcrumbList","@id":"https:\/\/imatex-plastics.be\/fr\/realisations\/#breadcrumb","itemListElement":[{"@type":"ListItem","position":1,"name":"Home","item":"https:\/\/imatex-plastics.be\/fr\/"},{"@type":"ListItem","position":2,"name":"R\u00e9alisations"}]},{"@type":"WebSite","@id":"https:\/\/imatex-plastics.be\/fr\/#website","url":"https:\/\/imatex-plastics.be\/fr\/","name":"Imatex Plastics","description":"Imatex, the partner for all your projects involving plastic. ","publisher":{"@id":"https:\/\/imatex-plastics.be\/fr\/#organization"},"potentialAction":[{"@type":"SearchAction","target":{"@type":"EntryPoint","urlTemplate":"https:\/\/imatex-plastics.be\/fr\/?s={search_term_string}"},"query-input":{"@type":"PropertyValueSpecification","valueRequired":true,"valueName":"search_term_string"}}],"inLanguage":"fr-FR"},{"@type":"Organization","@id":"https:\/\/imatex-plastics.be\/fr\/#organization","name":"Imatex nv","url":"https:\/\/imatex-plastics.be\/fr\/","logo":{"@type":"ImageObject","inLanguage":"fr-FR","@id":"https:\/\/imatex-plastics.be\/fr\/#\/schema\/logo\/image\/","url":"https:\/\/imatex-plastics.be\/wp-content\/uploads\/2019\/10\/imatex-plastics-logo-l.png","contentUrl":"https:\/\/imatex-plastics.be\/wp-content\/uploads\/2019\/10\/imatex-plastics-logo-l.png","width":400,"height":90,"caption":"Imatex nv"},"image":{"@id":"https:\/\/imatex-plastics.be\/fr\/#\/schema\/logo\/image\/"},"sameAs":["https:\/\/www.facebook.com\/imatexnv\/","https:\/\/www.linkedin.com\/company\/imatex-nv\/"]}]}},"jetpack_sharing_enabled":true,"_links":{"self":[{"href":"https:\/\/imatex-plastics.be\/fr\/wp-json\/wp\/v2\/pages\/2636","targetHints":{"allow":["GET"]}}],"collection":[{"href":"https:\/\/imatex-plastics.be\/fr\/wp-json\/wp\/v2\/pages"}],"about":[{"href":"https:\/\/imatex-plastics.be\/fr\/wp-json\/wp\/v2\/types\/page"}],"author":[{"embeddable":true,"href":"https:\/\/imatex-plastics.be\/fr\/wp-json\/wp\/v2\/users\/1"}],"replies":[{"embeddable":true,"href":"https:\/\/imatex-plastics.be\/fr\/wp-json\/wp\/v2\/comments?post=2636"}],"version-history":[{"count":0,"href":"https:\/\/imatex-plastics.be\/fr\/wp-json\/wp\/v2\/pages\/2636\/revisions"}],"wp:attachment":[{"href":"https:\/\/imatex-plastics.be\/fr\/wp-json\/wp\/v2\/media?parent=2636"}],"curies":[{"name":"wp","href":"https:\/\/api.w.org\/{rel}","templated":true}]}}