{"id":2627,"date":"2019-11-01T12:20:54","date_gmt":"2019-11-01T12:20:54","guid":{"rendered":"https:\/\/imatex-plastics.be\/a-propos-de-nous\/milieubeleid\/"},"modified":"2022-04-01T12:19:17","modified_gmt":"2022-04-01T12:19:17","slug":"politique-environnementale","status":"publish","type":"page","link":"https:\/\/imatex-plastics.be\/fr\/a-propos-de-nous\/politique-environnementale\/","title":{"rendered":"Politique environnementale"},"content":{"rendered":"<p>[et_pb_section fb_built=\u00a0\u00bb1&Prime; _builder_version=\u00a0\u00bb4.15&Prime; custom_padding=\u00a0\u00bb||5px|||\u00a0\u00bb global_colors_info=\u00a0\u00bb{}\u00a0\u00bb][et_pb_row _builder_version=\u00a0\u00bb4.15&Prime; custom_padding=\u00a0\u00bb1px||0px|||\u00a0\u00bb global_colors_info=\u00a0\u00bb{}\u00a0\u00bb][et_pb_column type=\u00a0\u00bb4_4&Prime; _builder_version=\u00a0\u00bb4.15&Prime; global_colors_info=\u00a0\u00bb{}\u00a0\u00bb][et_pb_text _builder_version=\u00a0\u00bb4.15.1&Prime; header_text_align=\u00a0\u00bbcenter\u00a0\u00bb custom_margin=\u00a0\u00bb-1px||13px||false|false\u00a0\u00bb custom_margin_tablet=\u00a0\u00bb||5px||false|false\u00a0\u00bb custom_margin_phone=\u00a0\u00bb\u00a0\u00bb custom_margin_last_edited=\u00a0\u00bbon|phone\u00a0\u00bb custom_padding=\u00a0\u00bb|0px|0px|0px|false|false\u00a0\u00bb custom_padding_tablet=\u00a0\u00bb0px||0px||false|false\u00a0\u00bb custom_padding_phone=\u00a0\u00bb\u00a0\u00bb custom_padding_last_edited=\u00a0\u00bbon|tablet\u00a0\u00bb hover_enabled=\u00a0\u00bb0&Prime; header_text_align_tablet=\u00a0\u00bbcenter\u00a0\u00bb header_text_align_phone=\u00a0\u00bb\u00a0\u00bb header_text_align_last_edited=\u00a0\u00bbon|tablet\u00a0\u00bb header_font_size_tablet=\u00a0\u00bb26px\u00a0\u00bb header_font_size_phone=\u00a0\u00bb20px\u00a0\u00bb header_font_size_last_edited=\u00a0\u00bbon|phone\u00a0\u00bb global_colors_info=\u00a0\u00bb{}\u00a0\u00bb sticky_enabled=\u00a0\u00bb0&Prime;]<\/p>\n<h1><span style=\"color: #1f497d;\">Imatex et <strong>l&rsquo;Environnement<\/strong><\/span><\/h1>\n<p>[\/et_pb_text][\/et_pb_column][\/et_pb_row][\/et_pb_section][et_pb_section fb_built=\u00a0\u00bb1&Prime; _builder_version=\u00a0\u00bb4.15&Prime; _module_preset=\u00a0\u00bbdefault\u00a0\u00bb custom_margin=\u00a0\u00bb0px||0px||false|false\u00a0\u00bb custom_padding=\u00a0\u00bb0px||20px||false|false\u00a0\u00bb global_colors_info=\u00a0\u00bb{}\u00a0\u00bb theme_builder_area=\u00a0\u00bbpost_content\u00a0\u00bb][et_pb_row column_structure=\u00a0\u00bb2_3,1_3&Prime; use_custom_gutter=\u00a0\u00bbon\u00a0\u00bb gutter_width=\u00a0\u00bb1&Prime; custom_padding_last_edited=\u00a0\u00bbon|phone\u00a0\u00bb _builder_version=\u00a0\u00bb4.15&Prime; _module_preset=\u00a0\u00bbdefault\u00a0\u00bb custom_margin=\u00a0\u00bb10px||0px||false|false\u00a0\u00bb custom_margin_tablet=\u00a0\u00bb-40px||||false|false\u00a0\u00bb custom_margin_phone=\u00a0\u00bb-40px||||false|false\u00a0\u00bb custom_margin_last_edited=\u00a0\u00bbon|tablet\u00a0\u00bb custom_padding=\u00a0\u00bb2px||2px||false|false\u00a0\u00bb custom_padding_tablet=\u00a0\u00bb2px||2px||false|false\u00a0\u00bb custom_padding_phone=\u00a0\u00bb0px||||false|true\u00a0\u00bb global_colors_info=\u00a0\u00bb{}\u00a0\u00bb theme_builder_area=\u00a0\u00bbpost_content\u00a0\u00bb][et_pb_column type=\u00a0\u00bb2_3&Prime; _builder_version=\u00a0\u00bb4.15&Prime; _module_preset=\u00a0\u00bbdefault\u00a0\u00bb global_colors_info=\u00a0\u00bb{}\u00a0\u00bb theme_builder_area=\u00a0\u00bbpost_content\u00a0\u00bb][et_pb_text _builder_version=\u00a0\u00bb4.15.1&Prime; _module_preset=\u00a0\u00bbdefault\u00a0\u00bb text_font_size=\u00a0\u00bb16px\u00a0\u00bb header_text_color=\u00a0\u00bb#1f497d\u00a0\u00bb header_2_text_color=\u00a0\u00bb#1f497d\u00a0\u00bb header_3_font=\u00a0\u00bbBiryani|600|||||||\u00a0\u00bb header_3_text_color=\u00a0\u00bb#1f497d\u00a0\u00bb header_3_font_size=\u00a0\u00bb18px\u00a0\u00bb header_4_text_color=\u00a0\u00bb#1f497d\u00a0\u00bb header_5_text_color=\u00a0\u00bb#1f497d\u00a0\u00bb header_6_text_color=\u00a0\u00bb#1f497d\u00a0\u00bb custom_margin=\u00a0\u00bb70px||||false|false\u00a0\u00bb custom_margin_tablet=\u00a0\u00bb||0px||false|false\u00a0\u00bb custom_margin_phone=\u00a0\u00bb||0px||false|false\u00a0\u00bb custom_margin_last_edited=\u00a0\u00bbon|phone\u00a0\u00bb custom_padding=\u00a0\u00bb30px|20px|30px|20px|false|false\u00a0\u00bb custom_padding_tablet=\u00a0\u00bb30px|20px|30px|20px|false|false\u00a0\u00bb custom_padding_phone=\u00a0\u00bb30px|20px|30px|20px|false|false\u00a0\u00bb custom_padding_last_edited=\u00a0\u00bbon|phone\u00a0\u00bb hover_enabled=\u00a0\u00bb0&Prime; border_radii=\u00a0\u00bboff|25px||25px|25px\u00a0\u00bb border_width_all=\u00a0\u00bb0px\u00a0\u00bb border_color_all=\u00a0\u00bb#1f497d\u00a0\u00bb border_width_top=\u00a0\u00bb1px\u00a0\u00bb border_width_right=\u00a0\u00bb1px\u00a0\u00bb border_width_bottom=\u00a0\u00bb1px\u00a0\u00bb border_width_left=\u00a0\u00bb1px\u00a0\u00bb border_radii_tablet=\u00a0\u00bboff|25px|25px|0px|0px\u00a0\u00bb border_radii_phone=\u00a0\u00bboff|25px|25px|0px|\u00a0\u00bb border_radii_last_edited=\u00a0\u00bbon|tablet\u00a0\u00bb global_colors_info=\u00a0\u00bb{}\u00a0\u00bb theme_builder_area=\u00a0\u00bbpost_content\u00a0\u00bb sticky_enabled=\u00a0\u00bb0&Prime;]<\/p>\n<h2>Notre mission : une entreprise durable. Et nous travaillons \u00e0 cela dans diff\u00e9rents domaines.<\/h2>\n<p>Par exemple, nous ne produisons pas de mat\u00e9riaux d&#8217;emballage \u00e0 usage unique. Les plastiques que nous traitons sont des plastiques durs qui peuvent \u00eatre enti\u00e8rement recycl\u00e9s.<\/p>\n<p>Les r\u00e9sidus sont broy\u00e9s par notre propre usine de broyage et recycl\u00e9s par nos partenaires sp\u00e9cialis\u00e9s.<\/p>\n<p>Si le produit le permet, nous utiliserons avec plaisir des plastiques recycl\u00e9s.[\/et_pb_text][\/et_pb_column][et_pb_column type=\u00a0\u00bb1_3&Prime; _builder_version=\u00a0\u00bb4.15&Prime; _module_preset=\u00a0\u00bbdefault\u00a0\u00bb global_colors_info=\u00a0\u00bb{}\u00a0\u00bb theme_builder_area=\u00a0\u00bbpost_content\u00a0\u00bb][et_pb_image src=\u00a0\u00bbhttps:\/\/imatex-plastics.be\/wp-content\/uploads\/2019\/11\/Imatex-Milieu-Environnement-Environment-1.jpg\u00a0\u00bb alt=\u00a0\u00bbAfval van Imatex wordt in de breekinstallatie klaargemaakt voor recyclage.\u00a0\u00bb title_text=\u00a0\u00bbImatex Milieu Environnement Environment 1&Prime; align=\u00a0\u00bbright\u00a0\u00bb _builder_version=\u00a0\u00bb4.15.1&Prime; custom_margin=\u00a0\u00bb8px||7px|-12px||\u00a0\u00bb custom_margin_tablet=\u00a0\u00bb0px|||0px|false|false\u00a0\u00bb custom_margin_phone=\u00a0\u00bb0px|||0px|false|false\u00a0\u00bb custom_margin_last_edited=\u00a0\u00bbon|phone\u00a0\u00bb custom_padding=\u00a0\u00bb0px|||11px||\u00a0\u00bb custom_padding_tablet=\u00a0\u00bb|||0px|false|false\u00a0\u00bb custom_padding_phone=\u00a0\u00bb|||0px|false|false\u00a0\u00bb custom_padding_last_edited=\u00a0\u00bbon|tablet\u00a0\u00bb hover_enabled=\u00a0\u00bb0&Prime; border_radii=\u00a0\u00bboff|25px|25px|25px|2px\u00a0\u00bb border_width_all=\u00a0\u00bb1px\u00a0\u00bb border_width_top=\u00a0\u00bb0px\u00a0\u00bb border_radii_tablet=\u00a0\u00bboff|0px|0px|0px|25px\u00a0\u00bb border_radii_phone=\u00a0\u00bboff|0px||0px|25px\u00a0\u00bb border_radii_last_edited=\u00a0\u00bbon|desktop\u00a0\u00bb global_colors_info=\u00a0\u00bb{}\u00a0\u00bb theme_builder_area=\u00a0\u00bbpost_content\u00a0\u00bb sticky_enabled=\u00a0\u00bb0&Prime;][\/et_pb_image][\/et_pb_column][\/et_pb_row][\/et_pb_section][et_pb_section fb_built=\u00a0\u00bb1&Prime; _builder_version=\u00a0\u00bb4.15&Prime; _module_preset=\u00a0\u00bbdefault\u00a0\u00bb custom_margin=\u00a0\u00bb0px||0px||false|false\u00a0\u00bb custom_padding=\u00a0\u00bb0px||20px||false|false\u00a0\u00bb global_colors_info=\u00a0\u00bb{}\u00a0\u00bb theme_builder_area=\u00a0\u00bbpost_content\u00a0\u00bb][et_pb_row column_structure=\u00a0\u00bb1_3,2_3&Prime; use_custom_gutter=\u00a0\u00bbon\u00a0\u00bb gutter_width=\u00a0\u00bb1&Prime; custom_padding_last_edited=\u00a0\u00bbon|desktop\u00a0\u00bb _builder_version=\u00a0\u00bb4.15&Prime; _module_preset=\u00a0\u00bbdefault\u00a0\u00bb custom_margin=\u00a0\u00bb10px||0px||false|false\u00a0\u00bb custom_margin_tablet=\u00a0\u00bb10px||0px||false|false\u00a0\u00bb custom_margin_phone=\u00a0\u00bb10px||0px||false|false\u00a0\u00bb custom_margin_last_edited=\u00a0\u00bbon|tablet\u00a0\u00bb custom_padding=\u00a0\u00bb2px||2px||false|false\u00a0\u00bb custom_padding_tablet=\u00a0\u00bb2px||2px||false|false\u00a0\u00bb custom_padding_phone=\u00a0\u00bb2px||2px||false|false\u00a0\u00bb global_colors_info=\u00a0\u00bb{}\u00a0\u00bb theme_builder_area=\u00a0\u00bbpost_content\u00a0\u00bb][et_pb_column type=\u00a0\u00bb1_3&Prime; _builder_version=\u00a0\u00bb4.15&Prime; _module_preset=\u00a0\u00bbdefault\u00a0\u00bb global_colors_info=\u00a0\u00bb{}\u00a0\u00bb theme_builder_area=\u00a0\u00bbpost_content\u00a0\u00bb][et_pb_image src=\u00a0\u00bbhttps:\/\/imatex-plastics.be\/wp-content\/uploads\/2019\/11\/Imatex-Historiek-Histoire-History-8.jpg\u00a0\u00bb alt=\u00a0\u00bbInvestering door Imatex  in het milieu in 2019&Prime; title_text=\u00a0\u00bbImatex Historiek Histoire History 8&Prime; align=\u00a0\u00bbright\u00a0\u00bb _builder_version=\u00a0\u00bb4.15.1&Prime; custom_margin=\u00a0\u00bb8px||7px|-12px||\u00a0\u00bb custom_padding=\u00a0\u00bb0px|||11px||\u00a0\u00bb hover_enabled=\u00a0\u00bb0&Prime; border_radii=\u00a0\u00bboff|25px|25px||25px\u00a0\u00bb border_radii_tablet=\u00a0\u00bb\u00a0\u00bb border_radii_phone=\u00a0\u00bboff|50px|50px||50px\u00a0\u00bb border_radii_last_edited=\u00a0\u00bbon|phone\u00a0\u00bb global_colors_info=\u00a0\u00bb{}\u00a0\u00bb theme_builder_area=\u00a0\u00bbpost_content\u00a0\u00bb sticky_enabled=\u00a0\u00bb0&Prime;][\/et_pb_image][\/et_pb_column][et_pb_column type=\u00a0\u00bb2_3&Prime; _builder_version=\u00a0\u00bb4.15&Prime; _module_preset=\u00a0\u00bbdefault\u00a0\u00bb global_colors_info=\u00a0\u00bb{}\u00a0\u00bb theme_builder_area=\u00a0\u00bbpost_content\u00a0\u00bb][et_pb_text _builder_version=\u00a0\u00bb4.15.1&Prime; _module_preset=\u00a0\u00bbdefault\u00a0\u00bb text_text_color=\u00a0\u00bb#FFFFFF\u00a0\u00bb text_font_size=\u00a0\u00bb16px\u00a0\u00bb header_text_color=\u00a0\u00bb#FFFFFF\u00a0\u00bb header_2_text_color=\u00a0\u00bb#FFFFFF\u00a0\u00bb header_3_font=\u00a0\u00bbBiryani|600|||||||\u00a0\u00bb header_3_text_color=\u00a0\u00bb#FFFFFF\u00a0\u00bb header_3_font_size=\u00a0\u00bb18px\u00a0\u00bb header_4_text_color=\u00a0\u00bb#FFFFFF\u00a0\u00bb header_5_text_color=\u00a0\u00bb#FFFFFF\u00a0\u00bb header_6_text_color=\u00a0\u00bb#FFFFFF\u00a0\u00bb background_color=\u00a0\u00bb#1f497d\u00a0\u00bb custom_margin=\u00a0\u00bb210px||||false|false\u00a0\u00bb custom_margin_tablet=\u00a0\u00bb2px||||false|false\u00a0\u00bb custom_margin_phone=\u00a0\u00bb2px||||false|false\u00a0\u00bb custom_margin_last_edited=\u00a0\u00bbon|tablet\u00a0\u00bb custom_padding=\u00a0\u00bb30px|20px|30px|20px|false|false\u00a0\u00bb custom_padding_tablet=\u00a0\u00bb30px|20px|30px|20px|false|false\u00a0\u00bb custom_padding_phone=\u00a0\u00bb30px|20px|30px|20px|false|false\u00a0\u00bb custom_padding_last_edited=\u00a0\u00bbon|desktop\u00a0\u00bb hover_enabled=\u00a0\u00bb0&Prime; border_radii=\u00a0\u00bboff||25px|25px|25px\u00a0\u00bb border_width_all=\u00a0\u00bb1px\u00a0\u00bb border_color_all=\u00a0\u00bb#1f497d\u00a0\u00bb border_radii_tablet=\u00a0\u00bboff|25px|25px|0px|25px\u00a0\u00bb border_radii_phone=\u00a0\u00bboff|25px|25px|0px|25px\u00a0\u00bb border_radii_last_edited=\u00a0\u00bbon|phone\u00a0\u00bb global_colors_info=\u00a0\u00bb{}\u00a0\u00bb custom_margin__hover_enabled=\u00a0\u00bboff|desktop\u00a0\u00bb theme_builder_area=\u00a0\u00bbpost_content\u00a0\u00bb sticky_enabled=\u00a0\u00bb0&Prime;]<\/p>\n<p>Des investissements ont \u00e9t\u00e9 r\u00e9alis\u00e9s dans 4 000 m\u00b2 de panneaux solaires, ce qui repr\u00e9sente 40 % de notre consommation d&rsquo;\u00e9nergie annuelle. L&rsquo;\u00e9clairage LED \u00e0 \u00e9conomie d&rsquo;\u00e9nergie et les machines modernes garantissent \u00e9galement que notre empreinte \u00e9cologique est r\u00e9duite au minimum.<\/p>\n<p>[\/et_pb_text][\/et_pb_column][\/et_pb_row][\/et_pb_section]<\/p>\n","protected":false},"excerpt":{"rendered":"<p>Imatex et l&rsquo;EnvironnementNotre mission : une entreprise durable. Et nous travaillons \u00e0 cela dans diff\u00e9rents domaines. Par exemple, nous ne produisons pas de mat\u00e9riaux d&#8217;emballage \u00e0 usage unique. Les plastiques que nous traitons sont des plastiques durs qui peuvent \u00eatre enti\u00e8rement recycl\u00e9s. Les r\u00e9sidus sont broy\u00e9s par notre propre usine de broyage et recycl\u00e9s par [&hellip;]<\/p>\n","protected":false},"author":1,"featured_media":0,"parent":2610,"menu_order":0,"comment_status":"closed","ping_status":"closed","template":"","meta":{"_et_pb_use_builder":"on","_et_pb_old_content":"<!-- wp:divi\/placeholder \/-->","_et_gb_content_width":"","footnotes":""},"class_list":["post-2627","page","type-page","status-publish","hentry"],"yoast_head":"<!-- This site is optimized with the Yoast SEO plugin v27.4 - https:\/\/yoast.com\/product\/yoast-seo-wordpress\/ -->\n<title>Politique environnementale Imatex - Imatex Plastics<\/title>\n<meta name=\"description\" content=\"Imatex: Politique environnementale. Notre mission: une entreprise durable. Et nous travaillons cela dans diff\u00e9rents domaines. Les d\u00e9chets d&#039;Imatex sont recycl\u00e9s.\" \/>\n<meta name=\"robots\" content=\"index, follow, max-snippet:-1, max-image-preview:large, max-video-preview:-1\" \/>\n<link rel=\"canonical\" href=\"https:\/\/imatex-plastics.be\/fr\/a-propos-de-nous\/politique-environnementale\/\" \/>\n<meta property=\"og:locale\" content=\"fr_FR\" \/>\n<meta property=\"og:type\" content=\"article\" \/>\n<meta property=\"og:title\" content=\"Politique environnementale Imatex - Imatex Plastics\" \/>\n<meta property=\"og:description\" content=\"Imatex: Politique environnementale. Notre mission: une entreprise durable. Et nous travaillons cela dans diff\u00e9rents domaines. Les d\u00e9chets d&#039;Imatex sont recycl\u00e9s.\" \/>\n<meta property=\"og:url\" content=\"https:\/\/imatex-plastics.be\/fr\/a-propos-de-nous\/politique-environnementale\/\" \/>\n<meta property=\"og:site_name\" content=\"Imatex Plastics\" \/>\n<meta property=\"article:publisher\" content=\"https:\/\/www.facebook.com\/imatexnv\/\" \/>\n<meta property=\"article:modified_time\" content=\"2022-04-01T12:19:17+00:00\" \/>\n<meta property=\"og:image\" content=\"https:\/\/i0.wp.com\/imatex-plastics.be\/wp-content\/uploads\/2019\/11\/Imatex-facebook.jpg?fit=1200%2C630&ssl=1\" \/>\n\t<meta property=\"og:image:width\" content=\"1200\" \/>\n\t<meta property=\"og:image:height\" content=\"630\" \/>\n\t<meta property=\"og:image:type\" content=\"image\/jpeg\" \/>\n<meta name=\"twitter:card\" content=\"summary_large_image\" \/>\n<meta name=\"twitter:label1\" content=\"Dur\u00e9e de lecture estim\u00e9e\" \/>\n\t<meta name=\"twitter:data1\" content=\"6 minutes\" \/>\n<script type=\"application\/ld+json\" class=\"yoast-schema-graph\">{\"@context\":\"https:\\\/\\\/schema.org\",\"@graph\":[{\"@type\":\"WebPage\",\"@id\":\"https:\\\/\\\/imatex-plastics.be\\\/fr\\\/a-propos-de-nous\\\/politique-environnementale\\\/\",\"url\":\"https:\\\/\\\/imatex-plastics.be\\\/fr\\\/a-propos-de-nous\\\/politique-environnementale\\\/\",\"name\":\"Politique environnementale Imatex - Imatex Plastics\",\"isPartOf\":{\"@id\":\"https:\\\/\\\/imatex-plastics.be\\\/fr\\\/#website\"},\"datePublished\":\"2019-11-01T12:20:54+00:00\",\"dateModified\":\"2022-04-01T12:19:17+00:00\",\"description\":\"Imatex: Politique environnementale. Notre mission: une entreprise durable. Et nous travaillons cela dans diff\u00e9rents domaines. Les d\u00e9chets d'Imatex sont recycl\u00e9s.\",\"breadcrumb\":{\"@id\":\"https:\\\/\\\/imatex-plastics.be\\\/fr\\\/a-propos-de-nous\\\/politique-environnementale\\\/#breadcrumb\"},\"inLanguage\":\"fr-FR\",\"potentialAction\":[{\"@type\":\"ReadAction\",\"target\":[\"https:\\\/\\\/imatex-plastics.be\\\/fr\\\/a-propos-de-nous\\\/politique-environnementale\\\/\"]}]},{\"@type\":\"BreadcrumbList\",\"@id\":\"https:\\\/\\\/imatex-plastics.be\\\/fr\\\/a-propos-de-nous\\\/politique-environnementale\\\/#breadcrumb\",\"itemListElement\":[{\"@type\":\"ListItem\",\"position\":1,\"name\":\"Home\",\"item\":\"https:\\\/\\\/imatex-plastics.be\\\/fr\\\/\"},{\"@type\":\"ListItem\",\"position\":2,\"name\":\"\u00c0 PROPOS DE NOUS\",\"item\":\"https:\\\/\\\/imatex-plastics.be\\\/fr\\\/a-propos-de-nous\\\/\"},{\"@type\":\"ListItem\",\"position\":3,\"name\":\"Politique environnementale\"}]},{\"@type\":\"WebSite\",\"@id\":\"https:\\\/\\\/imatex-plastics.be\\\/fr\\\/#website\",\"url\":\"https:\\\/\\\/imatex-plastics.be\\\/fr\\\/\",\"name\":\"Imatex Plastics\",\"description\":\"Imatex, the partner for all your projects involving plastic. \",\"publisher\":{\"@id\":\"https:\\\/\\\/imatex-plastics.be\\\/fr\\\/#organization\"},\"potentialAction\":[{\"@type\":\"SearchAction\",\"target\":{\"@type\":\"EntryPoint\",\"urlTemplate\":\"https:\\\/\\\/imatex-plastics.be\\\/fr\\\/?s={search_term_string}\"},\"query-input\":{\"@type\":\"PropertyValueSpecification\",\"valueRequired\":true,\"valueName\":\"search_term_string\"}}],\"inLanguage\":\"fr-FR\"},{\"@type\":\"Organization\",\"@id\":\"https:\\\/\\\/imatex-plastics.be\\\/fr\\\/#organization\",\"name\":\"Imatex nv\",\"url\":\"https:\\\/\\\/imatex-plastics.be\\\/fr\\\/\",\"logo\":{\"@type\":\"ImageObject\",\"inLanguage\":\"fr-FR\",\"@id\":\"https:\\\/\\\/imatex-plastics.be\\\/fr\\\/#\\\/schema\\\/logo\\\/image\\\/\",\"url\":\"https:\\\/\\\/imatex-plastics.be\\\/wp-content\\\/uploads\\\/2019\\\/10\\\/imatex-plastics-logo-l.png\",\"contentUrl\":\"https:\\\/\\\/imatex-plastics.be\\\/wp-content\\\/uploads\\\/2019\\\/10\\\/imatex-plastics-logo-l.png\",\"width\":400,\"height\":90,\"caption\":\"Imatex nv\"},\"image\":{\"@id\":\"https:\\\/\\\/imatex-plastics.be\\\/fr\\\/#\\\/schema\\\/logo\\\/image\\\/\"},\"sameAs\":[\"https:\\\/\\\/www.facebook.com\\\/imatexnv\\\/\",\"https:\\\/\\\/www.linkedin.com\\\/company\\\/imatex-nv\\\/\"]}]}<\/script>\n<!-- \/ Yoast SEO plugin. -->","yoast_head_json":{"title":"Politique environnementale Imatex - Imatex Plastics","description":"Imatex: Politique environnementale. Notre mission: une entreprise durable. Et nous travaillons cela dans diff\u00e9rents domaines. Les d\u00e9chets d'Imatex sont recycl\u00e9s.","robots":{"index":"index","follow":"follow","max-snippet":"max-snippet:-1","max-image-preview":"max-image-preview:large","max-video-preview":"max-video-preview:-1"},"canonical":"https:\/\/imatex-plastics.be\/fr\/a-propos-de-nous\/politique-environnementale\/","og_locale":"fr_FR","og_type":"article","og_title":"Politique environnementale Imatex - Imatex Plastics","og_description":"Imatex: Politique environnementale. Notre mission: une entreprise durable. Et nous travaillons cela dans diff\u00e9rents domaines. Les d\u00e9chets d'Imatex sont recycl\u00e9s.","og_url":"https:\/\/imatex-plastics.be\/fr\/a-propos-de-nous\/politique-environnementale\/","og_site_name":"Imatex Plastics","article_publisher":"https:\/\/www.facebook.com\/imatexnv\/","article_modified_time":"2022-04-01T12:19:17+00:00","og_image":[{"width":1200,"height":630,"url":"https:\/\/i0.wp.com\/imatex-plastics.be\/wp-content\/uploads\/2019\/11\/Imatex-facebook.jpg?fit=1200%2C630&ssl=1","type":"image\/jpeg"}],"twitter_card":"summary_large_image","twitter_misc":{"Dur\u00e9e de lecture estim\u00e9e":"6 minutes"},"schema":{"@context":"https:\/\/schema.org","@graph":[{"@type":"WebPage","@id":"https:\/\/imatex-plastics.be\/fr\/a-propos-de-nous\/politique-environnementale\/","url":"https:\/\/imatex-plastics.be\/fr\/a-propos-de-nous\/politique-environnementale\/","name":"Politique environnementale Imatex - Imatex Plastics","isPartOf":{"@id":"https:\/\/imatex-plastics.be\/fr\/#website"},"datePublished":"2019-11-01T12:20:54+00:00","dateModified":"2022-04-01T12:19:17+00:00","description":"Imatex: Politique environnementale. Notre mission: une entreprise durable. Et nous travaillons cela dans diff\u00e9rents domaines. Les d\u00e9chets d'Imatex sont recycl\u00e9s.","breadcrumb":{"@id":"https:\/\/imatex-plastics.be\/fr\/a-propos-de-nous\/politique-environnementale\/#breadcrumb"},"inLanguage":"fr-FR","potentialAction":[{"@type":"ReadAction","target":["https:\/\/imatex-plastics.be\/fr\/a-propos-de-nous\/politique-environnementale\/"]}]},{"@type":"BreadcrumbList","@id":"https:\/\/imatex-plastics.be\/fr\/a-propos-de-nous\/politique-environnementale\/#breadcrumb","itemListElement":[{"@type":"ListItem","position":1,"name":"Home","item":"https:\/\/imatex-plastics.be\/fr\/"},{"@type":"ListItem","position":2,"name":"\u00c0 PROPOS DE NOUS","item":"https:\/\/imatex-plastics.be\/fr\/a-propos-de-nous\/"},{"@type":"ListItem","position":3,"name":"Politique environnementale"}]},{"@type":"WebSite","@id":"https:\/\/imatex-plastics.be\/fr\/#website","url":"https:\/\/imatex-plastics.be\/fr\/","name":"Imatex Plastics","description":"Imatex, the partner for all your projects involving plastic. ","publisher":{"@id":"https:\/\/imatex-plastics.be\/fr\/#organization"},"potentialAction":[{"@type":"SearchAction","target":{"@type":"EntryPoint","urlTemplate":"https:\/\/imatex-plastics.be\/fr\/?s={search_term_string}"},"query-input":{"@type":"PropertyValueSpecification","valueRequired":true,"valueName":"search_term_string"}}],"inLanguage":"fr-FR"},{"@type":"Organization","@id":"https:\/\/imatex-plastics.be\/fr\/#organization","name":"Imatex nv","url":"https:\/\/imatex-plastics.be\/fr\/","logo":{"@type":"ImageObject","inLanguage":"fr-FR","@id":"https:\/\/imatex-plastics.be\/fr\/#\/schema\/logo\/image\/","url":"https:\/\/imatex-plastics.be\/wp-content\/uploads\/2019\/10\/imatex-plastics-logo-l.png","contentUrl":"https:\/\/imatex-plastics.be\/wp-content\/uploads\/2019\/10\/imatex-plastics-logo-l.png","width":400,"height":90,"caption":"Imatex nv"},"image":{"@id":"https:\/\/imatex-plastics.be\/fr\/#\/schema\/logo\/image\/"},"sameAs":["https:\/\/www.facebook.com\/imatexnv\/","https:\/\/www.linkedin.com\/company\/imatex-nv\/"]}]}},"jetpack_sharing_enabled":true,"_links":{"self":[{"href":"https:\/\/imatex-plastics.be\/fr\/wp-json\/wp\/v2\/pages\/2627","targetHints":{"allow":["GET"]}}],"collection":[{"href":"https:\/\/imatex-plastics.be\/fr\/wp-json\/wp\/v2\/pages"}],"about":[{"href":"https:\/\/imatex-plastics.be\/fr\/wp-json\/wp\/v2\/types\/page"}],"author":[{"embeddable":true,"href":"https:\/\/imatex-plastics.be\/fr\/wp-json\/wp\/v2\/users\/1"}],"replies":[{"embeddable":true,"href":"https:\/\/imatex-plastics.be\/fr\/wp-json\/wp\/v2\/comments?post=2627"}],"version-history":[{"count":0,"href":"https:\/\/imatex-plastics.be\/fr\/wp-json\/wp\/v2\/pages\/2627\/revisions"}],"up":[{"embeddable":true,"href":"https:\/\/imatex-plastics.be\/fr\/wp-json\/wp\/v2\/pages\/2610"}],"wp:attachment":[{"href":"https:\/\/imatex-plastics.be\/fr\/wp-json\/wp\/v2\/media?parent=2627"}],"curies":[{"name":"wp","href":"https:\/\/api.w.org\/{rel}","templated":true}]}}