{"id":2492,"date":"2019-11-01T12:19:12","date_gmt":"2019-11-01T12:19:12","guid":{"rendered":"https:\/\/imatex-plastics.be\/materiaux\/diverse-materialen\/"},"modified":"2022-03-29T15:02:03","modified_gmt":"2022-03-29T15:02:03","slug":"materiaux-divers","status":"publish","type":"page","link":"https:\/\/imatex-plastics.be\/fr\/materiaux\/materiaux-divers\/","title":{"rendered":"Mat\u00e9riaux divers"},"content":{"rendered":"<p>[et_pb_section fb_built=\u00a0\u00bb1&Prime; _builder_version=\u00a0\u00bb4.15&Prime; _module_preset=\u00a0\u00bbdefault\u00a0\u00bb custom_margin=\u00a0\u00bb0px||0px||false|false\u00a0\u00bb custom_padding=\u00a0\u00bb4px||4px||false|false\u00a0\u00bb global_colors_info=\u00a0\u00bb{}\u00a0\u00bb theme_builder_area=\u00a0\u00bbpost_content\u00a0\u00bb][et_pb_row _builder_version=\u00a0\u00bb4.15&Prime; _module_preset=\u00a0\u00bbdefault\u00a0\u00bb custom_margin=\u00a0\u00bb0px||0px||false|false\u00a0\u00bb custom_padding=\u00a0\u00bb20px||0px||false|false\u00a0\u00bb global_colors_info=\u00a0\u00bb{}\u00a0\u00bb theme_builder_area=\u00a0\u00bbpost_content\u00a0\u00bb][et_pb_column type=\u00a0\u00bb4_4&Prime; _builder_version=\u00a0\u00bb4.15&Prime; _module_preset=\u00a0\u00bbdefault\u00a0\u00bb global_colors_info=\u00a0\u00bb{}\u00a0\u00bb theme_builder_area=\u00a0\u00bbpost_content\u00a0\u00bb][et_pb_text disabled_on=\u00a0\u00bbon|off|off\u00a0\u00bb _builder_version=\u00a0\u00bb4.15.1&Prime; _module_preset=\u00a0\u00bbdefault\u00a0\u00bb header_text_color=\u00a0\u00bb#1f497d\u00a0\u00bb custom_margin=\u00a0\u00bb||7px||false|false\u00a0\u00bb hover_enabled=\u00a0\u00bb0&Prime; global_colors_info=\u00a0\u00bb{}\u00a0\u00bb theme_builder_area=\u00a0\u00bbpost_content\u00a0\u00bb sticky_enabled=\u00a0\u00bb0&Prime;]<\/p>\n<h1 style=\"text-align: center;\">Mat\u00e9riaux Imatex: <strong>Divers<\/strong><\/h1>\n<p>[\/et_pb_text][et_pb_text disabled_on=\u00a0\u00bboff|on|on\u00a0\u00bb _builder_version=\u00a0\u00bb4.15.1&Prime; _module_preset=\u00a0\u00bbdefault\u00a0\u00bb header_text_color=\u00a0\u00bb#1f497d\u00a0\u00bb custom_margin=\u00a0\u00bb||7px||false|false\u00a0\u00bb hover_enabled=\u00a0\u00bb0&Prime; global_colors_info=\u00a0\u00bb{}\u00a0\u00bb theme_builder_area=\u00a0\u00bbpost_content\u00a0\u00bb sticky_enabled=\u00a0\u00bb0&Prime;]<\/p>\n<h1 style=\"text-align: center;\">Mat\u00e9riaux Imatex<br \/>\n<strong>Divers<\/strong><\/h1>\n<p>[\/et_pb_text][\/et_pb_column][\/et_pb_row][\/et_pb_section][et_pb_section fb_built=\u00a0\u00bb1&Prime; admin_label=\u00a0\u00bbsection\u00a0\u00bb _builder_version=\u00a0\u00bb4.15&Prime; background_color=\u00a0\u00bbrgba(0,0,0,0)\u00a0\u00bb custom_margin=\u00a0\u00bb-1px|6vw|0px|6vw|false|true\u00a0\u00bb custom_margin_tablet=\u00a0\u00bb40px||||false|true\u00a0\u00bb custom_margin_phone=\u00a0\u00bb30px||||false|true\u00a0\u00bb custom_margin_last_edited=\u00a0\u00bbon|phone\u00a0\u00bb custom_padding=\u00a0\u00bb20px||40px||false|false\u00a0\u00bb global_colors_info=\u00a0\u00bb{}\u00a0\u00bb][et_pb_row use_custom_gutter=\u00a0\u00bbon\u00a0\u00bb gutter_width=\u00a0\u00bb1&Prime; disabled_on=\u00a0\u00bbon|on|on\u00a0\u00bb admin_label=\u00a0\u00bbrow\u00a0\u00bb _builder_version=\u00a0\u00bb4.15&Prime; background_size=\u00a0\u00bbinitial\u00a0\u00bb background_position=\u00a0\u00bbtop_left\u00a0\u00bb background_repeat=\u00a0\u00bbrepeat\u00a0\u00bb width=\u00a0\u00bb100%\u00a0\u00bb custom_padding=\u00a0\u00bb0px|0px|3px|0px|false|false\u00a0\u00bb disabled=\u00a0\u00bbon\u00a0\u00bb global_colors_info=\u00a0\u00bb{}\u00a0\u00bb][et_pb_column type=\u00a0\u00bb4_4&Prime; _builder_version=\u00a0\u00bb4.15&Prime; custom_padding=\u00a0\u00bb|||\u00a0\u00bb global_colors_info=\u00a0\u00bb{}\u00a0\u00bb custom_padding__hover=\u00a0\u00bb|||\u00a0\u00bb][et_pb_blurb title=\u00a0\u00bbMarques connues:\u00a0\u00bb use_icon=\u00a0\u00bbon\u00a0\u00bb font_icon=\u00a0\u00bb&#xe102;||divi||400&Prime; icon_placement=\u00a0\u00bbleft\u00a0\u00bb content_max_width=\u00a0\u00bb1070px\u00a0\u00bb content_max_width_tablet=\u00a0\u00bb550px\u00a0\u00bb content_max_width_phone=\u00a0\u00bb\u00a0\u00bb content_max_width_last_edited=\u00a0\u00bbon|tablet\u00a0\u00bb _builder_version=\u00a0\u00bb4.15&Prime; body_font_size=\u00a0\u00bb16px\u00a0\u00bb custom_margin=\u00a0\u00bb||47px|||\u00a0\u00bb custom_margin_tablet=\u00a0\u00bb||0px||false|false\u00a0\u00bb custom_margin_phone=\u00a0\u00bb\u00a0\u00bb custom_margin_last_edited=\u00a0\u00bbon|phone\u00a0\u00bb custom_padding=\u00a0\u00bb|20px||20px|false|false\u00a0\u00bb custom_padding_tablet=\u00a0\u00bb||40px||false|false\u00a0\u00bb custom_padding_phone=\u00a0\u00bb\u00a0\u00bb custom_padding_last_edited=\u00a0\u00bbon|desktop\u00a0\u00bb global_colors_info=\u00a0\u00bb{}\u00a0\u00bb]<\/p>\n<p>Limacryl\u00ae, Plexiglas\u00ae, Perspex\u00ae, Crylux\u00ae, Altuglas\u00ae, Plazcast\u00ae, Vitroflex\u00ae, Setacryl\u00ae, Versato\u00ae,&#8230;.<\/p>\n<p>[\/et_pb_blurb][\/et_pb_column][\/et_pb_row][et_pb_row column_structure=\u00a0\u00bb3_5,2_5&Prime; use_custom_gutter=\u00a0\u00bbon\u00a0\u00bb gutter_width=\u00a0\u00bb1&Prime; admin_label=\u00a0\u00bbrow\u00a0\u00bb _builder_version=\u00a0\u00bb4.15&Prime; background_size=\u00a0\u00bbinitial\u00a0\u00bb background_position=\u00a0\u00bbtop_left\u00a0\u00bb background_repeat=\u00a0\u00bbrepeat\u00a0\u00bb width=\u00a0\u00bb100%\u00a0\u00bb custom_margin=\u00a0\u00bb|auto|33px|auto||\u00a0\u00bb custom_padding=\u00a0\u00bb0px|0px|3px|0px|false|false\u00a0\u00bb global_colors_info=\u00a0\u00bb{}\u00a0\u00bb][et_pb_column type=\u00a0\u00bb3_5&Prime; _builder_version=\u00a0\u00bb4.15&Prime; custom_padding=\u00a0\u00bb|||\u00a0\u00bb global_colors_info=\u00a0\u00bb{}\u00a0\u00bb custom_padding__hover=\u00a0\u00bb|||\u00a0\u00bb][et_pb_blurb title=\u00a0\u00bbAutres materiaux\u00a0\u00bb use_icon=\u00a0\u00bbon\u00a0\u00bb font_icon=\u00a0\u00bb&#xe00a;||divi||400&Prime; icon_placement=\u00a0\u00bbleft\u00a0\u00bb _builder_version=\u00a0\u00bb4.15&Prime; body_font_size=\u00a0\u00bb16px\u00a0\u00bb custom_margin_tablet=\u00a0\u00bb\u00a0\u00bb custom_margin_phone=\u00a0\u00bb\u00a0\u00bb custom_margin_last_edited=\u00a0\u00bbon|phone\u00a0\u00bb custom_padding=\u00a0\u00bb100px|20px|100px|20px|false|false\u00a0\u00bb custom_padding_tablet=\u00a0\u00bb||||false|false\u00a0\u00bb custom_padding_phone=\u00a0\u00bb\u00a0\u00bb custom_padding_last_edited=\u00a0\u00bbon|tablet\u00a0\u00bb border_radii=\u00a0\u00bboff|100px|100px||100px\u00a0\u00bb border_width_all=\u00a0\u00bb1px\u00a0\u00bb border_color_all=\u00a0\u00bb#3457aa\u00a0\u00bb border_radii_tablet=\u00a0\u00bboff|100px|100px||0px\u00a0\u00bb border_radii_phone=\u00a0\u00bboff|50px|50px||\u00a0\u00bb border_radii_last_edited=\u00a0\u00bbon|tablet\u00a0\u00bb global_colors_info=\u00a0\u00bb{}\u00a0\u00bb]<\/p>\n<p>En plus de ces plastiques, Imatex traite \u00e9galement d&rsquo;autres mat\u00e9riaux tels que le PE (poly\u00e9thyl\u00e8ne), le PP (polypropyl\u00e8ne), le PA (polyamide), le Solid Surface (Corian), la plaque composite en aluminium (Dibond), ainsi que des sortes de bois comme le MDF et l\u2019agglom\u00e9r\u00e9. <\/p>\n<p>[\/et_pb_blurb][\/et_pb_column][et_pb_column type=\u00a0\u00bb2_5&Prime; _builder_version=\u00a0\u00bb4.15&Prime; custom_padding=\u00a0\u00bb|||\u00a0\u00bb global_colors_info=\u00a0\u00bb{}\u00a0\u00bb custom_padding__hover=\u00a0\u00bb|||\u00a0\u00bb][et_pb_text _builder_version=\u00a0\u00bb4.15.1&Prime; text_text_color=\u00a0\u00bb#ffffff\u00a0\u00bb text_font_size=\u00a0\u00bb16px\u00a0\u00bb header_2_text_color=\u00a0\u00bb#ffffff\u00a0\u00bb header_2_font_size=\u00a0\u00bb16px\u00a0\u00bb background_color=\u00a0\u00bb#1f497d\u00a0\u00bb min_height=\u00a0\u00bb215px\u00a0\u00bb custom_margin=\u00a0\u00bb250px||11px||false|false\u00a0\u00bb custom_margin_tablet=\u00a0\u00bb||40px||false|false\u00a0\u00bb custom_margin_phone=\u00a0\u00bb0px||||false|false\u00a0\u00bb custom_margin_last_edited=\u00a0\u00bbon|phone\u00a0\u00bb custom_padding=\u00a0\u00bb100px|50px|100px|50px|true|true\u00a0\u00bb custom_padding_tablet=\u00a0\u00bb|0px||0px|true|false\u00a0\u00bb custom_padding_phone=\u00a0\u00bb100px|||0px|false|false\u00a0\u00bb custom_padding_last_edited=\u00a0\u00bbon|tablet\u00a0\u00bb hover_enabled=\u00a0\u00bb0&Prime; text_orientation_tablet=\u00a0\u00bbcenter\u00a0\u00bb text_orientation_phone=\u00a0\u00bb\u00a0\u00bb text_orientation_last_edited=\u00a0\u00bbon|tablet\u00a0\u00bb border_radii=\u00a0\u00bboff||100px|100px|100px\u00a0\u00bb border_radii_tablet=\u00a0\u00bboff||0px|100px|100px\u00a0\u00bb border_radii_phone=\u00a0\u00bboff|||50px|50px\u00a0\u00bb border_radii_last_edited=\u00a0\u00bbon|phone\u00a0\u00bb global_colors_info=\u00a0\u00bb{}\u00a0\u00bb sticky_enabled=\u00a0\u00bb0&Prime;]<\/p>\n<p>Contactez-nous pour conna\u00eetre les possibilit\u00e9s.<\/p>\n<p>[\/et_pb_text][\/et_pb_column][\/et_pb_row][\/et_pb_section]<\/p>\n","protected":false},"excerpt":{"rendered":"<p>Mat\u00e9riaux Imatex: DiversMat\u00e9riaux Imatex DiversLimacryl\u00ae, Plexiglas\u00ae, Perspex\u00ae, Crylux\u00ae, Altuglas\u00ae, Plazcast\u00ae, Vitroflex\u00ae, Setacryl\u00ae, Versato\u00ae,&#8230;.En plus de ces plastiques, Imatex traite \u00e9galement d&rsquo;autres mat\u00e9riaux tels que le PE (poly\u00e9thyl\u00e8ne), le PP (polypropyl\u00e8ne), le PA (polyamide), le Solid Surface (Corian), la plaque composite en aluminium (Dibond), ainsi que des sortes de bois comme le MDF et l\u2019agglom\u00e9r\u00e9. Contactez-nous [&hellip;]<\/p>\n","protected":false},"author":1,"featured_media":0,"parent":2472,"menu_order":0,"comment_status":"closed","ping_status":"closed","template":"","meta":{"_et_pb_use_builder":"on","_et_pb_old_content":"<!-- wp:divi\/placeholder \/-->","_et_gb_content_width":"","footnotes":""},"class_list":["post-2492","page","type-page","status-publish","hentry"],"yoast_head":"<!-- This site is optimized with the Yoast SEO plugin v27.4 - https:\/\/yoast.com\/product\/yoast-seo-wordpress\/ -->\n<title>Mat\u00e9riaux divers - Imatex Plastics<\/title>\n<meta name=\"description\" content=\"Imatex traite \u00e9galement des mat\u00e9riaux tels que: le poly\u00e9thyl\u00e8ne, le polypropyl\u00e8ne, le polyamide, le Corian, les panneaux composites en aluminium et MDF\" \/>\n<meta name=\"robots\" content=\"index, follow, max-snippet:-1, max-image-preview:large, max-video-preview:-1\" \/>\n<link rel=\"canonical\" href=\"https:\/\/imatex-plastics.be\/fr\/materiaux\/materiaux-divers\/\" \/>\n<meta property=\"og:locale\" content=\"fr_FR\" \/>\n<meta property=\"og:type\" content=\"article\" \/>\n<meta property=\"og:title\" content=\"Mat\u00e9riaux divers - Imatex Plastics\" \/>\n<meta property=\"og:description\" content=\"Imatex traite \u00e9galement des mat\u00e9riaux tels que: le poly\u00e9thyl\u00e8ne, le polypropyl\u00e8ne, le polyamide, le Corian, les panneaux composites en aluminium et MDF\" \/>\n<meta property=\"og:url\" content=\"https:\/\/imatex-plastics.be\/fr\/materiaux\/materiaux-divers\/\" \/>\n<meta property=\"og:site_name\" content=\"Imatex Plastics\" \/>\n<meta property=\"article:publisher\" content=\"https:\/\/www.facebook.com\/imatexnv\/\" \/>\n<meta property=\"article:modified_time\" content=\"2022-03-29T15:02:03+00:00\" \/>\n<meta property=\"og:image\" content=\"https:\/\/i0.wp.com\/imatex-plastics.be\/wp-content\/uploads\/2019\/11\/Imatex-facebook.jpg?fit=1200%2C630&ssl=1\" \/>\n\t<meta property=\"og:image:width\" content=\"1200\" \/>\n\t<meta property=\"og:image:height\" content=\"630\" \/>\n\t<meta property=\"og:image:type\" content=\"image\/jpeg\" \/>\n<meta name=\"twitter:card\" content=\"summary_large_image\" \/>\n<meta name=\"twitter:label1\" content=\"Dur\u00e9e de lecture estim\u00e9e\" \/>\n\t<meta name=\"twitter:data1\" content=\"4 minutes\" \/>\n<script type=\"application\/ld+json\" class=\"yoast-schema-graph\">{\"@context\":\"https:\\\/\\\/schema.org\",\"@graph\":[{\"@type\":\"WebPage\",\"@id\":\"https:\\\/\\\/imatex-plastics.be\\\/fr\\\/materiaux\\\/materiaux-divers\\\/\",\"url\":\"https:\\\/\\\/imatex-plastics.be\\\/fr\\\/materiaux\\\/materiaux-divers\\\/\",\"name\":\"Mat\u00e9riaux divers - Imatex Plastics\",\"isPartOf\":{\"@id\":\"https:\\\/\\\/imatex-plastics.be\\\/fr\\\/#website\"},\"datePublished\":\"2019-11-01T12:19:12+00:00\",\"dateModified\":\"2022-03-29T15:02:03+00:00\",\"description\":\"Imatex traite \u00e9galement des mat\u00e9riaux tels que: le poly\u00e9thyl\u00e8ne, le polypropyl\u00e8ne, le polyamide, le Corian, les panneaux composites en aluminium et MDF\",\"breadcrumb\":{\"@id\":\"https:\\\/\\\/imatex-plastics.be\\\/fr\\\/materiaux\\\/materiaux-divers\\\/#breadcrumb\"},\"inLanguage\":\"fr-FR\",\"potentialAction\":[{\"@type\":\"ReadAction\",\"target\":[\"https:\\\/\\\/imatex-plastics.be\\\/fr\\\/materiaux\\\/materiaux-divers\\\/\"]}]},{\"@type\":\"BreadcrumbList\",\"@id\":\"https:\\\/\\\/imatex-plastics.be\\\/fr\\\/materiaux\\\/materiaux-divers\\\/#breadcrumb\",\"itemListElement\":[{\"@type\":\"ListItem\",\"position\":1,\"name\":\"Home\",\"item\":\"https:\\\/\\\/imatex-plastics.be\\\/fr\\\/\"},{\"@type\":\"ListItem\",\"position\":2,\"name\":\"MAT\u00c9RIAUX\",\"item\":\"https:\\\/\\\/imatex-plastics.be\\\/fr\\\/materiaux\\\/\"},{\"@type\":\"ListItem\",\"position\":3,\"name\":\"Mat\u00e9riaux divers\"}]},{\"@type\":\"WebSite\",\"@id\":\"https:\\\/\\\/imatex-plastics.be\\\/fr\\\/#website\",\"url\":\"https:\\\/\\\/imatex-plastics.be\\\/fr\\\/\",\"name\":\"Imatex Plastics\",\"description\":\"Imatex, the partner for all your projects involving plastic. \",\"publisher\":{\"@id\":\"https:\\\/\\\/imatex-plastics.be\\\/fr\\\/#organization\"},\"potentialAction\":[{\"@type\":\"SearchAction\",\"target\":{\"@type\":\"EntryPoint\",\"urlTemplate\":\"https:\\\/\\\/imatex-plastics.be\\\/fr\\\/?s={search_term_string}\"},\"query-input\":{\"@type\":\"PropertyValueSpecification\",\"valueRequired\":true,\"valueName\":\"search_term_string\"}}],\"inLanguage\":\"fr-FR\"},{\"@type\":\"Organization\",\"@id\":\"https:\\\/\\\/imatex-plastics.be\\\/fr\\\/#organization\",\"name\":\"Imatex nv\",\"url\":\"https:\\\/\\\/imatex-plastics.be\\\/fr\\\/\",\"logo\":{\"@type\":\"ImageObject\",\"inLanguage\":\"fr-FR\",\"@id\":\"https:\\\/\\\/imatex-plastics.be\\\/fr\\\/#\\\/schema\\\/logo\\\/image\\\/\",\"url\":\"https:\\\/\\\/imatex-plastics.be\\\/wp-content\\\/uploads\\\/2019\\\/10\\\/imatex-plastics-logo-l.png\",\"contentUrl\":\"https:\\\/\\\/imatex-plastics.be\\\/wp-content\\\/uploads\\\/2019\\\/10\\\/imatex-plastics-logo-l.png\",\"width\":400,\"height\":90,\"caption\":\"Imatex nv\"},\"image\":{\"@id\":\"https:\\\/\\\/imatex-plastics.be\\\/fr\\\/#\\\/schema\\\/logo\\\/image\\\/\"},\"sameAs\":[\"https:\\\/\\\/www.facebook.com\\\/imatexnv\\\/\",\"https:\\\/\\\/www.linkedin.com\\\/company\\\/imatex-nv\\\/\"]}]}<\/script>\n<!-- \/ Yoast SEO plugin. -->","yoast_head_json":{"title":"Mat\u00e9riaux divers - Imatex Plastics","description":"Imatex traite \u00e9galement des mat\u00e9riaux tels que: le poly\u00e9thyl\u00e8ne, le polypropyl\u00e8ne, le polyamide, le Corian, les panneaux composites en aluminium et MDF","robots":{"index":"index","follow":"follow","max-snippet":"max-snippet:-1","max-image-preview":"max-image-preview:large","max-video-preview":"max-video-preview:-1"},"canonical":"https:\/\/imatex-plastics.be\/fr\/materiaux\/materiaux-divers\/","og_locale":"fr_FR","og_type":"article","og_title":"Mat\u00e9riaux divers - Imatex Plastics","og_description":"Imatex traite \u00e9galement des mat\u00e9riaux tels que: le poly\u00e9thyl\u00e8ne, le polypropyl\u00e8ne, le polyamide, le Corian, les panneaux composites en aluminium et MDF","og_url":"https:\/\/imatex-plastics.be\/fr\/materiaux\/materiaux-divers\/","og_site_name":"Imatex Plastics","article_publisher":"https:\/\/www.facebook.com\/imatexnv\/","article_modified_time":"2022-03-29T15:02:03+00:00","og_image":[{"width":1200,"height":630,"url":"https:\/\/i0.wp.com\/imatex-plastics.be\/wp-content\/uploads\/2019\/11\/Imatex-facebook.jpg?fit=1200%2C630&ssl=1","type":"image\/jpeg"}],"twitter_card":"summary_large_image","twitter_misc":{"Dur\u00e9e de lecture estim\u00e9e":"4 minutes"},"schema":{"@context":"https:\/\/schema.org","@graph":[{"@type":"WebPage","@id":"https:\/\/imatex-plastics.be\/fr\/materiaux\/materiaux-divers\/","url":"https:\/\/imatex-plastics.be\/fr\/materiaux\/materiaux-divers\/","name":"Mat\u00e9riaux divers - Imatex Plastics","isPartOf":{"@id":"https:\/\/imatex-plastics.be\/fr\/#website"},"datePublished":"2019-11-01T12:19:12+00:00","dateModified":"2022-03-29T15:02:03+00:00","description":"Imatex traite \u00e9galement des mat\u00e9riaux tels que: le poly\u00e9thyl\u00e8ne, le polypropyl\u00e8ne, le polyamide, le Corian, les panneaux composites en aluminium et MDF","breadcrumb":{"@id":"https:\/\/imatex-plastics.be\/fr\/materiaux\/materiaux-divers\/#breadcrumb"},"inLanguage":"fr-FR","potentialAction":[{"@type":"ReadAction","target":["https:\/\/imatex-plastics.be\/fr\/materiaux\/materiaux-divers\/"]}]},{"@type":"BreadcrumbList","@id":"https:\/\/imatex-plastics.be\/fr\/materiaux\/materiaux-divers\/#breadcrumb","itemListElement":[{"@type":"ListItem","position":1,"name":"Home","item":"https:\/\/imatex-plastics.be\/fr\/"},{"@type":"ListItem","position":2,"name":"MAT\u00c9RIAUX","item":"https:\/\/imatex-plastics.be\/fr\/materiaux\/"},{"@type":"ListItem","position":3,"name":"Mat\u00e9riaux divers"}]},{"@type":"WebSite","@id":"https:\/\/imatex-plastics.be\/fr\/#website","url":"https:\/\/imatex-plastics.be\/fr\/","name":"Imatex Plastics","description":"Imatex, the partner for all your projects involving plastic. ","publisher":{"@id":"https:\/\/imatex-plastics.be\/fr\/#organization"},"potentialAction":[{"@type":"SearchAction","target":{"@type":"EntryPoint","urlTemplate":"https:\/\/imatex-plastics.be\/fr\/?s={search_term_string}"},"query-input":{"@type":"PropertyValueSpecification","valueRequired":true,"valueName":"search_term_string"}}],"inLanguage":"fr-FR"},{"@type":"Organization","@id":"https:\/\/imatex-plastics.be\/fr\/#organization","name":"Imatex nv","url":"https:\/\/imatex-plastics.be\/fr\/","logo":{"@type":"ImageObject","inLanguage":"fr-FR","@id":"https:\/\/imatex-plastics.be\/fr\/#\/schema\/logo\/image\/","url":"https:\/\/imatex-plastics.be\/wp-content\/uploads\/2019\/10\/imatex-plastics-logo-l.png","contentUrl":"https:\/\/imatex-plastics.be\/wp-content\/uploads\/2019\/10\/imatex-plastics-logo-l.png","width":400,"height":90,"caption":"Imatex nv"},"image":{"@id":"https:\/\/imatex-plastics.be\/fr\/#\/schema\/logo\/image\/"},"sameAs":["https:\/\/www.facebook.com\/imatexnv\/","https:\/\/www.linkedin.com\/company\/imatex-nv\/"]}]}},"jetpack_sharing_enabled":true,"_links":{"self":[{"href":"https:\/\/imatex-plastics.be\/fr\/wp-json\/wp\/v2\/pages\/2492","targetHints":{"allow":["GET"]}}],"collection":[{"href":"https:\/\/imatex-plastics.be\/fr\/wp-json\/wp\/v2\/pages"}],"about":[{"href":"https:\/\/imatex-plastics.be\/fr\/wp-json\/wp\/v2\/types\/page"}],"author":[{"embeddable":true,"href":"https:\/\/imatex-plastics.be\/fr\/wp-json\/wp\/v2\/users\/1"}],"replies":[{"embeddable":true,"href":"https:\/\/imatex-plastics.be\/fr\/wp-json\/wp\/v2\/comments?post=2492"}],"version-history":[{"count":0,"href":"https:\/\/imatex-plastics.be\/fr\/wp-json\/wp\/v2\/pages\/2492\/revisions"}],"up":[{"embeddable":true,"href":"https:\/\/imatex-plastics.be\/fr\/wp-json\/wp\/v2\/pages\/2472"}],"wp:attachment":[{"href":"https:\/\/imatex-plastics.be\/fr\/wp-json\/wp\/v2\/media?parent=2492"}],"curies":[{"name":"wp","href":"https:\/\/api.w.org\/{rel}","templated":true}]}}